{"id":192517,"date":"2020-12-01T22:30:31","date_gmt":"2020-12-01T21:30:31","guid":{"rendered":"https:\/\/danone-edp.test\/?page_id=192517"},"modified":"2021-01-20T16:39:27","modified_gmt":"2021-01-20T15:39:27","slug":"o-jogurte","status":"publish","type":"page","link":"https:\/\/danone.sk\/web\/o-jogurte\/","title":{"rendered":"O jogurte"},"content":{"rendered":"\t\t<div data-elementor-type=\"wp-page\" data-elementor-id=\"192517\" class=\"elementor elementor-192517\" data-elementor-post-type=\"page\">\n\t\t\t\t\t\t<section class=\"elementor-section elementor-top-section elementor-element elementor-element-21761f7d elementor-section-boxed elementor-section-height-default elementor-section-height-default\" data-id=\"21761f7d\" data-element_type=\"section\">\n\t\t\t\t\t\t<div class=\"elementor-container elementor-column-gap-default\">\n\t\t\t\t\t<div class=\"elementor-column elementor-col-100 elementor-top-column elementor-element elementor-element-6ebde923\" data-id=\"6ebde923\" data-element_type=\"column\">\n\t\t\t<div class=\"elementor-widget-wrap elementor-element-populated\">\n\t\t\t\t\t\t<div class=\"elementor-element elementor-element-505a1625 elementor-widget elementor-widget-heading\" data-id=\"505a1625\" data-element_type=\"widget\" data-widget_type=\"heading.default\">\n\t\t\t\t<div class=\"elementor-widget-container\">\n\t\t\t\t\t<h1 class=\"elementor-heading-title elementor-size-default\">O jogurte<\/h1>\t\t\t\t<\/div>\n\t\t\t\t<\/div>\n\t\t\t\t\t<\/div>\n\t\t<\/div>\n\t\t\t\t\t<\/div>\n\t\t<\/section>\n\t\t\t\t<section class=\"elementor-section elementor-top-section elementor-element elementor-element-416b2df2 elementor-section-boxed elementor-section-height-default elementor-section-height-default\" data-id=\"416b2df2\" data-element_type=\"section\">\n\t\t\t\t\t\t<div class=\"elementor-container elementor-column-gap-default\">\n\t\t\t\t\t<div class=\"elementor-column elementor-col-100 elementor-top-column elementor-element elementor-element-5be9ef70\" data-id=\"5be9ef70\" data-element_type=\"column\">\n\t\t\t<div class=\"elementor-widget-wrap elementor-element-populated\">\n\t\t\t\t\t\t<div class=\"elementor-element elementor-element-37a3094 elementor-grid-2 footer-news elementor-grid-tablet-2 elementor-grid-mobile-1 elementor-posts--thumbnail-top elementor-widget elementor-widget-posts\" data-id=\"37a3094\" data-element_type=\"widget\" data-settings=\"{&quot;classic_columns&quot;:&quot;2&quot;,&quot;classic_row_gap&quot;:{&quot;unit&quot;:&quot;px&quot;,&quot;size&quot;:15,&quot;sizes&quot;:[]},&quot;classic_columns_tablet&quot;:&quot;2&quot;,&quot;classic_columns_mobile&quot;:&quot;1&quot;,&quot;classic_row_gap_tablet&quot;:{&quot;unit&quot;:&quot;px&quot;,&quot;size&quot;:&quot;&quot;,&quot;sizes&quot;:[]},&quot;classic_row_gap_mobile&quot;:{&quot;unit&quot;:&quot;px&quot;,&quot;size&quot;:&quot;&quot;,&quot;sizes&quot;:[]}}\" data-widget_type=\"posts.classic\">\n\t\t\t\t<div class=\"elementor-widget-container\">\n\t\t\t\t\t\t\t<div class=\"elementor-posts-container elementor-posts elementor-posts--skin-classic elementor-grid\" role=\"list\">\n\t\t\t\t<article class=\"elementor-post elementor-grid-item post-192522 page type-page status-publish has-post-thumbnail hentry\" role=\"listitem\">\n\t\t\t\t<a class=\"elementor-post__thumbnail__link\" href=\"https:\/\/danone.sk\/web\/o-jogurte\/co-vsetko-by-ste-mali-vediet\/\" tabindex=\"-1\" >\n\t\t\t<div class=\"elementor-post__thumbnail\"><img fetchpriority=\"high\" decoding=\"async\" width=\"768\" height=\"512\" src=\"https:\/\/danone.sk\/web\/wp-content\/uploads\/sites\/6\/2020\/12\/57-1-scaled-768x512.jpg\" class=\"attachment-medium_large size-medium_large wp-image-193000\" alt=\"\" srcset=\"https:\/\/danone.sk\/web\/wp-content\/uploads\/sites\/6\/2020\/12\/57-1-scaled-768x512.jpg 768w, https:\/\/danone.sk\/web\/wp-content\/uploads\/sites\/6\/2020\/12\/57-1-scaled-300x200.jpg 300w, https:\/\/danone.sk\/web\/wp-content\/uploads\/sites\/6\/2020\/12\/57-1-scaled-1024x683.jpg 1024w, https:\/\/danone.sk\/web\/wp-content\/uploads\/sites\/6\/2020\/12\/57-1-scaled-1536x1024.jpg 1536w, https:\/\/danone.sk\/web\/wp-content\/uploads\/sites\/6\/2020\/12\/57-1-scaled-2048x1366.jpg 2048w, https:\/\/danone.sk\/web\/wp-content\/uploads\/sites\/6\/2020\/12\/57-1-scaled-200x133.jpg 200w, https:\/\/danone.sk\/web\/wp-content\/uploads\/sites\/6\/2020\/12\/57-1-scaled.jpg 1920w\" sizes=\"(max-width: 768px) 100vw, 768px\" \/><\/div>\n\t\t<\/a>\n\t\t\t\t<div class=\"elementor-post__text\">\n\t\t\t\t<h2 class=\"elementor-post__title\">\n\t\t\t<a href=\"https:\/\/danone.sk\/web\/o-jogurte\/co-vsetko-by-ste-mali-vediet\/\" >\n\t\t\t\t\u010co v\u0161etko by ste mali vedie\u0165\t\t\t<\/a>\n\t\t<\/h2>\n\t\t\n\t\t<a class=\"elementor-post__read-more\" href=\"https:\/\/danone.sk\/web\/o-jogurte\/co-vsetko-by-ste-mali-vediet\/\" aria-label=\"Read more about \u010co v\u0161etko by ste mali vedie\u0165\" tabindex=\"-1\" >\n\t\t\tZobrazi\u0165 viac\t\t<\/a>\n\n\t\t\t\t<\/div>\n\t\t\t\t<\/article>\n\t\t\t\t<article class=\"elementor-post elementor-grid-item post-192537 page type-page status-publish has-post-thumbnail hentry\" role=\"listitem\">\n\t\t\t\t<a class=\"elementor-post__thumbnail__link\" href=\"https:\/\/danone.sk\/web\/o-jogurte\/mlieko-a-mliecne-vyrobky-vo-vyzive\/\" tabindex=\"-1\" >\n\t\t\t<div class=\"elementor-post__thumbnail\"><img decoding=\"async\" width=\"768\" height=\"512\" src=\"https:\/\/danone.sk\/web\/wp-content\/uploads\/sites\/6\/2020\/12\/58-scaled-768x512.jpg\" class=\"attachment-medium_large size-medium_large wp-image-192889\" alt=\"\" srcset=\"https:\/\/danone.sk\/web\/wp-content\/uploads\/sites\/6\/2020\/12\/58-scaled-768x512.jpg 768w, https:\/\/danone.sk\/web\/wp-content\/uploads\/sites\/6\/2020\/12\/58-scaled-300x200.jpg 300w, https:\/\/danone.sk\/web\/wp-content\/uploads\/sites\/6\/2020\/12\/58-scaled-1024x683.jpg 1024w, https:\/\/danone.sk\/web\/wp-content\/uploads\/sites\/6\/2020\/12\/58-scaled-1536x1024.jpg 1536w, https:\/\/danone.sk\/web\/wp-content\/uploads\/sites\/6\/2020\/12\/58-scaled-2048x1366.jpg 2048w, https:\/\/danone.sk\/web\/wp-content\/uploads\/sites\/6\/2020\/12\/58-scaled-200x133.jpg 200w, https:\/\/danone.sk\/web\/wp-content\/uploads\/sites\/6\/2020\/12\/58-scaled.jpg 1920w\" sizes=\"(max-width: 768px) 100vw, 768px\" \/><\/div>\n\t\t<\/a>\n\t\t\t\t<div class=\"elementor-post__text\">\n\t\t\t\t<h2 class=\"elementor-post__title\">\n\t\t\t<a href=\"https:\/\/danone.sk\/web\/o-jogurte\/mlieko-a-mliecne-vyrobky-vo-vyzive\/\" >\n\t\t\t\tMlieko a mlie\u010dne v\u00fdrobky vo v\u00fd\u017eive\t\t\t<\/a>\n\t\t<\/h2>\n\t\t\n\t\t<a class=\"elementor-post__read-more\" href=\"https:\/\/danone.sk\/web\/o-jogurte\/mlieko-a-mliecne-vyrobky-vo-vyzive\/\" aria-label=\"Read more about Mlieko a mlie\u010dne v\u00fdrobky vo v\u00fd\u017eive\" tabindex=\"-1\" >\n\t\t\tZobrazi\u0165 viac\t\t<\/a>\n\n\t\t\t\t<\/div>\n\t\t\t\t<\/article>\n\t\t\t\t<article class=\"elementor-post elementor-grid-item post-192546 page type-page status-publish has-post-thumbnail hentry\" role=\"listitem\">\n\t\t\t\t<a class=\"elementor-post__thumbnail__link\" href=\"https:\/\/danone.sk\/web\/o-jogurte\/jogurt-a-ludske-telo\/\" tabindex=\"-1\" >\n\t\t\t<div class=\"elementor-post__thumbnail\"><img decoding=\"async\" width=\"768\" height=\"512\" src=\"https:\/\/danone.sk\/web\/wp-content\/uploads\/sites\/6\/2020\/12\/59-scaled-768x512.jpg\" class=\"attachment-medium_large size-medium_large wp-image-192891\" alt=\"\" srcset=\"https:\/\/danone.sk\/web\/wp-content\/uploads\/sites\/6\/2020\/12\/59-scaled-768x512.jpg 768w, https:\/\/danone.sk\/web\/wp-content\/uploads\/sites\/6\/2020\/12\/59-scaled-300x200.jpg 300w, https:\/\/danone.sk\/web\/wp-content\/uploads\/sites\/6\/2020\/12\/59-scaled-1024x683.jpg 1024w, https:\/\/danone.sk\/web\/wp-content\/uploads\/sites\/6\/2020\/12\/59-scaled-1536x1024.jpg 1536w, https:\/\/danone.sk\/web\/wp-content\/uploads\/sites\/6\/2020\/12\/59-scaled-2048x1366.jpg 2048w, https:\/\/danone.sk\/web\/wp-content\/uploads\/sites\/6\/2020\/12\/59-scaled-200x133.jpg 200w, https:\/\/danone.sk\/web\/wp-content\/uploads\/sites\/6\/2020\/12\/59-scaled.jpg 1920w\" sizes=\"(max-width: 768px) 100vw, 768px\" \/><\/div>\n\t\t<\/a>\n\t\t\t\t<div class=\"elementor-post__text\">\n\t\t\t\t<h2 class=\"elementor-post__title\">\n\t\t\t<a href=\"https:\/\/danone.sk\/web\/o-jogurte\/jogurt-a-ludske-telo\/\" >\n\t\t\t\tJogurt a \u013eudsk\u00e9 telo\t\t\t<\/a>\n\t\t<\/h2>\n\t\t\n\t\t<a class=\"elementor-post__read-more\" href=\"https:\/\/danone.sk\/web\/o-jogurte\/jogurt-a-ludske-telo\/\" aria-label=\"Read more about Jogurt a \u013eudsk\u00e9 telo\" tabindex=\"-1\" >\n\t\t\tZobrazi\u0165 viac\t\t<\/a>\n\n\t\t\t\t<\/div>\n\t\t\t\t<\/article>\n\t\t\t\t<article class=\"elementor-post elementor-grid-item post-192549 page type-page status-publish has-post-thumbnail hentry\" role=\"listitem\">\n\t\t\t\t<a class=\"elementor-post__thumbnail__link\" href=\"https:\/\/danone.sk\/web\/o-jogurte\/myty-a-fakty-o-jogurte\/\" tabindex=\"-1\" >\n\t\t\t<div class=\"elementor-post__thumbnail\"><img loading=\"lazy\" decoding=\"async\" width=\"480\" height=\"380\" src=\"https:\/\/danone.sk\/web\/wp-content\/uploads\/sites\/6\/2020\/12\/mytus-3.png\" class=\"attachment-medium_large size-medium_large wp-image-192556\" alt=\"\" srcset=\"https:\/\/danone.sk\/web\/wp-content\/uploads\/sites\/6\/2020\/12\/mytus-3.png 480w, https:\/\/danone.sk\/web\/wp-content\/uploads\/sites\/6\/2020\/12\/mytus-3-300x238.png 300w, https:\/\/danone.sk\/web\/wp-content\/uploads\/sites\/6\/2020\/12\/mytus-3-200x158.png 200w\" sizes=\"(max-width: 480px) 100vw, 480px\" \/><\/div>\n\t\t<\/a>\n\t\t\t\t<div class=\"elementor-post__text\">\n\t\t\t\t<h2 class=\"elementor-post__title\">\n\t\t\t<a href=\"https:\/\/danone.sk\/web\/o-jogurte\/myty-a-fakty-o-jogurte\/\" >\n\t\t\t\tM\u00fdty a fakty o jogurte\t\t\t<\/a>\n\t\t<\/h2>\n\t\t\n\t\t<a class=\"elementor-post__read-more\" href=\"https:\/\/danone.sk\/web\/o-jogurte\/myty-a-fakty-o-jogurte\/\" aria-label=\"Read more about M\u00fdty a fakty o jogurte\" tabindex=\"-1\" >\n\t\t\tZobrazi\u0165 viac\t\t<\/a>\n\n\t\t\t\t<\/div>\n\t\t\t\t<\/article>\n\t\t\t\t<\/div>\n\t\t\n\t\t\t\t\t\t<\/div>\n\t\t\t\t<\/div>\n\t\t\t\t\t<\/div>\n\t\t<\/div>\n\t\t\t\t\t<\/div>\n\t\t<\/section>\n\t\t\t\t<section class=\"elementor-section elementor-top-section elementor-element elementor-element-a647ada elementor-section-boxed elementor-section-height-default elementor-section-height-default\" data-id=\"a647ada\" data-element_type=\"section\">\n\t\t\t\t\t\t<div class=\"elementor-container elementor-column-gap-default\">\n\t\t\t\t\t<div class=\"elementor-column elementor-col-100 elementor-top-column elementor-element elementor-element-74b55ef\" data-id=\"74b55ef\" data-element_type=\"column\">\n\t\t\t<div class=\"elementor-widget-wrap elementor-element-populated\">\n\t\t\t\t\t\t<div class=\"elementor-element elementor-element-5a35f31 elementor-widget elementor-widget-spacer\" data-id=\"5a35f31\" data-element_type=\"widget\" data-widget_type=\"spacer.default\">\n\t\t\t\t<div class=\"elementor-widget-container\">\n\t\t\t\t\t\t\t<div class=\"elementor-spacer\">\n\t\t\t<div class=\"elementor-spacer-inner\"><\/div>\n\t\t<\/div>\n\t\t\t\t\t\t<\/div>\n\t\t\t\t<\/div>\n\t\t\t\t\t<\/div>\n\t\t<\/div>\n\t\t\t\t\t<\/div>\n\t\t<\/section>\n\t\t\t\t<section class=\"elementor-section elementor-top-section elementor-element elementor-element-f28b11b elementor-section-boxed elementor-section-height-default elementor-section-height-default\" data-id=\"f28b11b\" data-element_type=\"section\">\n\t\t\t\t\t\t<div class=\"elementor-container elementor-column-gap-default\">\n\t\t\t\t\t<div class=\"elementor-column elementor-col-100 elementor-top-column elementor-element elementor-element-8b6c644\" data-id=\"8b6c644\" data-element_type=\"column\">\n\t\t\t<div class=\"elementor-widget-wrap elementor-element-populated\">\n\t\t\t\t\t\t<div class=\"elementor-element elementor-element-b1e9379 elementor-widget elementor-widget-heading\" data-id=\"b1e9379\" data-element_type=\"widget\" data-widget_type=\"heading.default\">\n\t\t\t\t<div class=\"elementor-widget-container\">\n\t\t\t\t\t<h2 class=\"elementor-heading-title elementor-size-default\">Na\u0161e mlie\u010dne produkty<\/h2>\t\t\t\t<\/div>\n\t\t\t\t<\/div>\n\t\t\t\t\t<\/div>\n\t\t<\/div>\n\t\t\t\t\t<\/div>\n\t\t<\/section>\n\t\t\t\t<section class=\"elementor-section elementor-top-section elementor-element elementor-element-b3458c6 safari-fix-bg elementor-section-boxed elementor-section-height-default elementor-section-height-default elementor-invisible\" data-id=\"b3458c6\" data-element_type=\"section\" data-settings=\"{&quot;background_background&quot;:&quot;gradient&quot;,&quot;animation&quot;:&quot;fadeIn&quot;}\">\n\t\t\t\t\t\t<div class=\"elementor-container elementor-column-gap-default\">\n\t\t\t\t\t<div class=\"elementor-column elementor-col-100 elementor-top-column elementor-element elementor-element-95081fb\" data-id=\"95081fb\" data-element_type=\"column\">\n\t\t\t<div class=\"elementor-widget-wrap elementor-element-populated\">\n\t\t\t\t\t\t\t<\/div>\n\t\t<\/div>\n\t\t\t\t\t<\/div>\n\t\t<\/section>\n\t\t\t\t<section class=\"elementor-section elementor-top-section elementor-element elementor-element-9229c56 elementor-section-boxed elementor-section-height-default elementor-section-height-default\" data-id=\"9229c56\" data-element_type=\"section\">\n\t\t\t\t\t\t<div class=\"elementor-container elementor-column-gap-default\">\n\t\t\t\t\t<div class=\"elementor-column elementor-col-100 elementor-top-column elementor-element elementor-element-c45849d\" data-id=\"c45849d\" data-element_type=\"column\">\n\t\t\t<div class=\"elementor-widget-wrap elementor-element-populated\">\n\t\t\t\t\t\t<div class=\"elementor-element elementor-element-1198028 elementor-widget elementor-widget-spacer\" data-id=\"1198028\" data-element_type=\"widget\" data-widget_type=\"spacer.default\">\n\t\t\t\t<div class=\"elementor-widget-container\">\n\t\t\t\t\t\t\t<div class=\"elementor-spacer\">\n\t\t\t<div class=\"elementor-spacer-inner\"><\/div>\n\t\t<\/div>\n\t\t\t\t\t\t<\/div>\n\t\t\t\t<\/div>\n\t\t\t\t\t<\/div>\n\t\t<\/div>\n\t\t\t\t\t<\/div>\n\t\t<\/section>\n\t\t\t\t<\/div>\n\t\t","protected":false},"excerpt":{"rendered":"<p>O jogurte Na\u0161e mlie\u010dne produkty<\/p>\n","protected":false},"author":1,"featured_media":0,"parent":0,"menu_order":0,"comment_status":"closed","ping_status":"closed","template":"","meta":{"footnotes":""},"class_list":["post-192517","page","type-page","status-publish","hentry"],"acf":[],"_links":{"self":[{"href":"https:\/\/danone.sk\/web\/wp-json\/wp\/v2\/pages\/192517","targetHints":{"allow":["GET"]}}],"collection":[{"href":"https:\/\/danone.sk\/web\/wp-json\/wp\/v2\/pages"}],"about":[{"href":"https:\/\/danone.sk\/web\/wp-json\/wp\/v2\/types\/page"}],"author":[{"embeddable":true,"href":"https:\/\/danone.sk\/web\/wp-json\/wp\/v2\/users\/1"}],"replies":[{"embeddable":true,"href":"https:\/\/danone.sk\/web\/wp-json\/wp\/v2\/comments?post=192517"}],"version-history":[{"count":5,"href":"https:\/\/danone.sk\/web\/wp-json\/wp\/v2\/pages\/192517\/revisions"}],"predecessor-version":[{"id":193147,"href":"https:\/\/danone.sk\/web\/wp-json\/wp\/v2\/pages\/192517\/revisions\/193147"}],"wp:attachment":[{"href":"https:\/\/danone.sk\/web\/wp-json\/wp\/v2\/media?parent=192517"}],"curies":[{"name":"wp","href":"https:\/\/api.w.org\/{rel}","templated":true}]}}