{"id":192537,"date":"2020-12-01T23:58:10","date_gmt":"2020-12-01T22:58:10","guid":{"rendered":"https:\/\/danone-edp.test\/?page_id=192537"},"modified":"2021-01-20T16:42:20","modified_gmt":"2021-01-20T15:42:20","slug":"mlieko-a-mliecne-vyrobky-vo-vyzive","status":"publish","type":"page","link":"https:\/\/danone.sk\/web\/o-jogurte\/mlieko-a-mliecne-vyrobky-vo-vyzive\/","title":{"rendered":"Mlieko a mlie\u010dne v\u00fdrobky vo v\u00fd\u017eive"},"content":{"rendered":"\t\t<div data-elementor-type=\"wp-post\" data-elementor-id=\"192537\" class=\"elementor elementor-192537\" data-elementor-post-type=\"page\">\n\t\t\t\t\t\t<section class=\"elementor-section elementor-top-section elementor-element elementor-element-54949f3f elementor-section-boxed elementor-section-height-default elementor-section-height-default\" data-id=\"54949f3f\" data-element_type=\"section\">\n\t\t\t\t\t\t<div class=\"elementor-container elementor-column-gap-default\">\n\t\t\t\t\t<div class=\"elementor-column elementor-col-100 elementor-top-column elementor-element elementor-element-183077b\" data-id=\"183077b\" data-element_type=\"column\">\n\t\t\t<div class=\"elementor-widget-wrap elementor-element-populated\">\n\t\t\t\t\t\t<div class=\"elementor-element elementor-element-7f245c54 elementor-widget elementor-widget-heading\" data-id=\"7f245c54\" data-element_type=\"widget\" data-widget_type=\"heading.default\">\n\t\t\t\t<div class=\"elementor-widget-container\">\n\t\t\t\t\t<h1 class=\"elementor-heading-title elementor-size-default\">Mlieko a mlie\u010dne v\u00fdrobky vo v\u00fd\u017eive<\/h1>\t\t\t\t<\/div>\n\t\t\t\t<\/div>\n\t\t\t\t\t<\/div>\n\t\t<\/div>\n\t\t\t\t\t<\/div>\n\t\t<\/section>\n\t\t\t\t<section class=\"elementor-section elementor-top-section elementor-element elementor-element-ad69c5b elementor-section-boxed elementor-section-height-default elementor-section-height-default\" data-id=\"ad69c5b\" data-element_type=\"section\">\n\t\t\t\t\t\t<div class=\"elementor-container elementor-column-gap-default\">\n\t\t\t\t\t<div class=\"elementor-column elementor-col-100 elementor-top-column elementor-element elementor-element-66d4492\" data-id=\"66d4492\" data-element_type=\"column\">\n\t\t\t<div class=\"elementor-widget-wrap elementor-element-populated\">\n\t\t\t\t\t\t<div class=\"elementor-element elementor-element-3bd6496 elementor-widget elementor-widget-text-editor\" data-id=\"3bd6496\" data-element_type=\"widget\" data-widget_type=\"text-editor.default\">\n\t\t\t\t<div class=\"elementor-widget-container\">\n\t\t\t\t\t\t\t\t\t<p><b>Mlieko a\u00a0mlie\u010dne v\u00fdrobky by mali by\u0165 s\u00fa\u010das\u0165ou n\u00e1\u0161ho ka\u017edodenn\u00e9ho travovania<\/b><\/p>\t\t\t\t\t\t\t\t<\/div>\n\t\t\t\t<\/div>\n\t\t\t\t<div class=\"elementor-element elementor-element-26bc879 elementor-widget elementor-widget-spacer\" data-id=\"26bc879\" data-element_type=\"widget\" data-widget_type=\"spacer.default\">\n\t\t\t\t<div class=\"elementor-widget-container\">\n\t\t\t\t\t\t\t<div class=\"elementor-spacer\">\n\t\t\t<div class=\"elementor-spacer-inner\"><\/div>\n\t\t<\/div>\n\t\t\t\t\t\t<\/div>\n\t\t\t\t<\/div>\n\t\t\t\t<div class=\"elementor-element elementor-element-e994264 elementor-widget elementor-widget-text-editor\" data-id=\"e994264\" data-element_type=\"widget\" data-widget_type=\"text-editor.default\">\n\t\t\t\t<div class=\"elementor-widget-container\">\n\t\t\t\t\t\t\t\t\t<p><span style=\"font-weight: 400\">Pod\u013ea aktu\u00e1lnych slovensk\u00fdch v\u00fd\u017eivov\u00fdch odpor\u00fa\u010dan\u00ed, by sme mali denne skonzumova\u0165 2-3 porcie mlie\u010dnych v\u00fdrobkov.\u00a0<\/span><\/p><p><span style=\"font-weight: 400\">Za jednu porciu sa pova\u017euje poh\u00e1r mlieka alebo n\u00e1poja na rastlinnej b\u00e1ze, kel\u00edmok jogurtu, 3 ly\u017eice m\u00e4kk\u00e9ho syra alebo hrudka tvrd\u00e9ho syra. <\/span><\/p>\t\t\t\t\t\t\t\t<\/div>\n\t\t\t\t<\/div>\n\t\t\t\t<div class=\"elementor-element elementor-element-f36020d elementor-invisible elementor-widget elementor-widget-image\" data-id=\"f36020d\" data-element_type=\"widget\" data-settings=\"{&quot;_animation&quot;:&quot;zoomIn&quot;}\" data-fancybox=\"image\" data-widget_type=\"image.default\">\n\t\t\t\t<div class=\"elementor-widget-container\">\n\t\t\t\t\t\t\t\t\t\t\t\t\t\t\t<img fetchpriority=\"high\" decoding=\"async\" width=\"541\" height=\"373\" src=\"https:\/\/danone.sk\/web\/wp-content\/uploads\/sites\/6\/2020\/12\/15-1.png\" class=\"attachment-full size-full wp-image-193007\" alt=\"\" srcset=\"https:\/\/danone.sk\/web\/wp-content\/uploads\/sites\/6\/2020\/12\/15-1.png 541w, https:\/\/danone.sk\/web\/wp-content\/uploads\/sites\/6\/2020\/12\/15-1-300x207.png 300w, https:\/\/danone.sk\/web\/wp-content\/uploads\/sites\/6\/2020\/12\/15-1-200x138.png 200w\" sizes=\"(max-width: 541px) 100vw, 541px\" \/>\t\t\t\t\t\t\t\t\t\t\t\t\t\t\t<\/div>\n\t\t\t\t<\/div>\n\t\t\t\t<div class=\"elementor-element elementor-element-cbca979 elementor-widget elementor-widget-text-editor\" data-id=\"cbca979\" data-element_type=\"widget\" data-widget_type=\"text-editor.default\">\n\t\t\t\t<div class=\"elementor-widget-container\">\n\t\t\t\t\t\t\t\t\t<p style=\"text-align: center\"><strong><a href=\"http:\/\/www.potravinari.sk\/files\/infografika-vyznajte-sa-v-potravinach_januar-v12-digital.pdf\" target=\"_blank\" rel=\"noopener\">Vyznajte sa v potravin\u00e1ch (pdf)<\/a><\/strong><\/p>\t\t\t\t\t\t\t\t<\/div>\n\t\t\t\t<\/div>\n\t\t\t\t<div class=\"elementor-element elementor-element-c9f35eb elementor-widget elementor-widget-spacer\" data-id=\"c9f35eb\" data-element_type=\"widget\" data-widget_type=\"spacer.default\">\n\t\t\t\t<div class=\"elementor-widget-container\">\n\t\t\t\t\t\t\t<div class=\"elementor-spacer\">\n\t\t\t<div class=\"elementor-spacer-inner\"><\/div>\n\t\t<\/div>\n\t\t\t\t\t\t<\/div>\n\t\t\t\t<\/div>\n\t\t\t\t<div class=\"elementor-element elementor-element-b18ad60 elementor-widget elementor-widget-text-editor\" data-id=\"b18ad60\" data-element_type=\"widget\" data-widget_type=\"text-editor.default\">\n\t\t\t\t<div class=\"elementor-widget-container\">\n\t\t\t\t\t\t\t\t\t\u010c\u00edm mlie\u010dne v\u00fdrobky prospievaj\u00fa n\u00e1\u0161mu organizmu?\nS\u00fa predov\u0161etk\u00fdm zdrojom v\u00e1pnika a bielkov\u00edn.\n\t\t\t\t\t\t\t\t<\/div>\n\t\t\t\t<\/div>\n\t\t\t\t<div class=\"elementor-element elementor-element-263054d elementor-widget elementor-widget-text-editor\" data-id=\"263054d\" data-element_type=\"widget\" data-widget_type=\"text-editor.default\">\n\t\t\t\t<div class=\"elementor-widget-container\">\n\t\t\t\t\t\t\t\t\t<p><span style=\"font-weight: 400\">Mlie\u010dne v\u00fdrobky obsahuj\u00fa v\u00e1pnik, ktor\u00fd je potrebn\u00fd na udr\u017eanie norm\u00e1lneho stavu zubov, kost\u00ed a prispieva k norm\u00e1lnej \u010dinnosti svalov a funkciu nervov\u00e9ho syst\u00e9mu. V\u00e1pnik je samozrejme mo\u017en\u00e9 prij\u00edma\u0165 v r\u00f4znych form\u00e1ch, ale v s\u00fa\u010dasnej dobe sa m\u00e1lo zd\u00f4raz\u0148uje, \u017ee pre \u013eudsk\u00fd organizmus je najlep\u0161ie vstrebate\u013en\u00fd, a teda vyu\u017eite\u013en\u00fd, pr\u00e1ve v\u00e1pnik prirodzene sa vyskytuj\u00faci v mlie\u010dnych v\u00fdrobkoch.<\/span><\/p>\n<p><span style=\"font-weight: 400\">Bielkoviny s\u00fa jednou z najd\u00f4le\u017eitej\u0161\u00edch nutri\u010dn\u00fdch zlo\u017eiek mlieka a&nbsp;mlie\u010dnych v\u00fdrobkov. Mlie\u010dne bielkoviny obsahuj\u00fa 18 z 22 zn\u00e1mych esenci\u00e1lnych aminokysel\u00edn, potrebn\u00fdch&nbsp;<\/span><span style=\"font-weight: 400\">na stavbu a udr\u017eiavanie \u013eudsk\u00e9ho organizmu, a&nbsp;ktor\u00e9 si organizmus nedok\u00e1\u017ee vyrobi\u0165 s\u00e1m. Bielkoviny s\u00fa z\u00e1kladnou stavebnou jednotkou tela, v\u010faka nim je mo\u017en\u00e9 budova\u0165 pevn\u00e9 svalstvo a&nbsp;maj\u00fa mimoriadny v\u00fdznam pre obranyschopnos\u0165 n\u00e1\u0161ho organizmu.<\/span><\/p>\t\t\t\t\t\t\t\t<\/div>\n\t\t\t\t<\/div>\n\t\t\t\t\t<\/div>\n\t\t<\/div>\n\t\t\t\t\t<\/div>\n\t\t<\/section>\n\t\t\t\t<section class=\"elementor-section elementor-top-section elementor-element elementor-element-a2646e6 elementor-section-boxed elementor-section-height-default elementor-section-height-default\" data-id=\"a2646e6\" data-element_type=\"section\">\n\t\t\t\t\t\t<div class=\"elementor-container elementor-column-gap-default\">\n\t\t\t\t\t<div class=\"elementor-column elementor-col-100 elementor-top-column elementor-element elementor-element-813d7c2\" data-id=\"813d7c2\" data-element_type=\"column\">\n\t\t\t<div class=\"elementor-widget-wrap elementor-element-populated\">\n\t\t\t\t\t\t<div class=\"elementor-element elementor-element-d594d9e elementor-widget elementor-widget-spacer\" data-id=\"d594d9e\" data-element_type=\"widget\" data-widget_type=\"spacer.default\">\n\t\t\t\t<div class=\"elementor-widget-container\">\n\t\t\t\t\t\t\t<div class=\"elementor-spacer\">\n\t\t\t<div class=\"elementor-spacer-inner\"><\/div>\n\t\t<\/div>\n\t\t\t\t\t\t<\/div>\n\t\t\t\t<\/div>\n\t\t\t\t\t<\/div>\n\t\t<\/div>\n\t\t\t\t\t<\/div>\n\t\t<\/section>\n\t\t\t\t<section class=\"elementor-section elementor-top-section elementor-element elementor-element-89af55b elementor-section-boxed elementor-section-height-default elementor-section-height-default\" data-id=\"89af55b\" data-element_type=\"section\">\n\t\t\t\t\t\t<div class=\"elementor-container elementor-column-gap-default\">\n\t\t\t\t\t<div class=\"elementor-column elementor-col-100 elementor-top-column elementor-element elementor-element-2cce92e\" data-id=\"2cce92e\" data-element_type=\"column\">\n\t\t\t<div class=\"elementor-widget-wrap elementor-element-populated\">\n\t\t\t\t\t\t<div class=\"elementor-element elementor-element-331d152 elementor-widget elementor-widget-heading\" data-id=\"331d152\" data-element_type=\"widget\" data-widget_type=\"heading.default\">\n\t\t\t\t<div class=\"elementor-widget-container\">\n\t\t\t\t\t<h2 class=\"elementor-heading-title elementor-size-default\">Na\u0161e mlie\u010dne produkty<\/h2>\t\t\t\t<\/div>\n\t\t\t\t<\/div>\n\t\t\t\t\t<\/div>\n\t\t<\/div>\n\t\t\t\t\t<\/div>\n\t\t<\/section>\n\t\t\t\t<section class=\"elementor-section elementor-top-section elementor-element elementor-element-c262a1e safari-fix-bg elementor-section-boxed elementor-section-height-default elementor-section-height-default elementor-invisible\" data-id=\"c262a1e\" data-element_type=\"section\" data-settings=\"{&quot;background_background&quot;:&quot;gradient&quot;,&quot;animation&quot;:&quot;fadeIn&quot;}\">\n\t\t\t\t\t\t<div class=\"elementor-container elementor-column-gap-default\">\n\t\t\t\t\t<div class=\"elementor-column elementor-col-100 elementor-top-column elementor-element elementor-element-0e46afd\" data-id=\"0e46afd\" data-element_type=\"column\">\n\t\t\t<div class=\"elementor-widget-wrap elementor-element-populated\">\n\t\t\t\t\t\t\t<\/div>\n\t\t<\/div>\n\t\t\t\t\t<\/div>\n\t\t<\/section>\n\t\t\t\t<section class=\"elementor-section elementor-top-section elementor-element elementor-element-f5fbd13 elementor-section-boxed elementor-section-height-default elementor-section-height-default\" data-id=\"f5fbd13\" data-element_type=\"section\">\n\t\t\t\t\t\t<div class=\"elementor-container elementor-column-gap-default\">\n\t\t\t\t\t<div class=\"elementor-column elementor-col-100 elementor-top-column elementor-element elementor-element-d043438\" data-id=\"d043438\" data-element_type=\"column\">\n\t\t\t<div class=\"elementor-widget-wrap elementor-element-populated\">\n\t\t\t\t\t\t<div class=\"elementor-element elementor-element-441ad65 elementor-widget elementor-widget-spacer\" data-id=\"441ad65\" data-element_type=\"widget\" data-widget_type=\"spacer.default\">\n\t\t\t\t<div class=\"elementor-widget-container\">\n\t\t\t\t\t\t\t<div class=\"elementor-spacer\">\n\t\t\t<div class=\"elementor-spacer-inner\"><\/div>\n\t\t<\/div>\n\t\t\t\t\t\t<\/div>\n\t\t\t\t<\/div>\n\t\t\t\t\t<\/div>\n\t\t<\/div>\n\t\t\t\t\t<\/div>\n\t\t<\/section>\n\t\t\t\t<\/div>\n\t\t","protected":false},"excerpt":{"rendered":"<p>Mlieko a mlie\u010dne v\u00fdrobky vo v\u00fd\u017eive Mlieko a\u00a0mlie\u010dne v\u00fdrobky by mali by\u0165 s\u00fa\u010das\u0165ou n\u00e1\u0161ho ka\u017edodenn\u00e9ho travovania Pod\u013ea aktu\u00e1lnych slovensk\u00fdch v\u00fd\u017eivov\u00fdch odpor\u00fa\u010dan\u00ed, by sme mali denne skonzumova\u0165 2-3 porcie mlie\u010dnych v\u00fdrobkov.\u00a0 Za jednu porciu sa pova\u017euje poh\u00e1r mlieka alebo n\u00e1poja na rastlinnej b\u00e1ze, kel\u00edmok jogurtu, 3 ly\u017eice m\u00e4kk\u00e9ho syra alebo hrudka tvrd\u00e9ho syra. Vyznajte sa v [&hellip;]<\/p>\n","protected":false},"author":1,"featured_media":192889,"parent":192517,"menu_order":0,"comment_status":"open","ping_status":"closed","template":"","meta":{"footnotes":""},"class_list":["post-192537","page","type-page","status-publish","has-post-thumbnail","hentry"],"acf":[],"_links":{"self":[{"href":"https:\/\/danone.sk\/web\/wp-json\/wp\/v2\/pages\/192537","targetHints":{"allow":["GET"]}}],"collection":[{"href":"https:\/\/danone.sk\/web\/wp-json\/wp\/v2\/pages"}],"about":[{"href":"https:\/\/danone.sk\/web\/wp-json\/wp\/v2\/types\/page"}],"author":[{"embeddable":true,"href":"https:\/\/danone.sk\/web\/wp-json\/wp\/v2\/users\/1"}],"replies":[{"embeddable":true,"href":"https:\/\/danone.sk\/web\/wp-json\/wp\/v2\/comments?post=192537"}],"version-history":[{"count":5,"href":"https:\/\/danone.sk\/web\/wp-json\/wp\/v2\/pages\/192537\/revisions"}],"predecessor-version":[{"id":193157,"href":"https:\/\/danone.sk\/web\/wp-json\/wp\/v2\/pages\/192537\/revisions\/193157"}],"up":[{"embeddable":true,"href":"https:\/\/danone.sk\/web\/wp-json\/wp\/v2\/pages\/192517"}],"wp:featuredmedia":[{"embeddable":true,"href":"https:\/\/danone.sk\/web\/wp-json\/wp\/v2\/media\/192889"}],"wp:attachment":[{"href":"https:\/\/danone.sk\/web\/wp-json\/wp\/v2\/media?parent=192537"}],"curies":[{"name":"wp","href":"https:\/\/api.w.org\/{rel}","templated":true}]}}