{"id":192546,"date":"2020-12-02T00:16:44","date_gmt":"2020-12-01T23:16:44","guid":{"rendered":"https:\/\/danone-edp.test\/?page_id=192546"},"modified":"2021-01-20T16:40:13","modified_gmt":"2021-01-20T15:40:13","slug":"jogurt-a-ludske-telo","status":"publish","type":"page","link":"https:\/\/danone.sk\/web\/o-jogurte\/jogurt-a-ludske-telo\/","title":{"rendered":"Jogurt a \u013eudsk\u00e9 telo"},"content":{"rendered":"\t\t<div data-elementor-type=\"wp-post\" data-elementor-id=\"192546\" class=\"elementor elementor-192546\" data-elementor-post-type=\"page\">\n\t\t\t\t\t\t<section class=\"elementor-section elementor-top-section elementor-element elementor-element-7a1edafb elementor-section-boxed elementor-section-height-default elementor-section-height-default\" data-id=\"7a1edafb\" data-element_type=\"section\">\n\t\t\t\t\t\t<div class=\"elementor-container elementor-column-gap-default\">\n\t\t\t\t\t<div class=\"elementor-column elementor-col-100 elementor-top-column elementor-element elementor-element-1c6e6e59\" data-id=\"1c6e6e59\" data-element_type=\"column\">\n\t\t\t<div class=\"elementor-widget-wrap elementor-element-populated\">\n\t\t\t\t\t\t<div class=\"elementor-element elementor-element-78172213 elementor-widget elementor-widget-heading\" data-id=\"78172213\" data-element_type=\"widget\" data-widget_type=\"heading.default\">\n\t\t\t\t<div class=\"elementor-widget-container\">\n\t\t\t\t\t<h1 class=\"elementor-heading-title elementor-size-default\">Jogurt a \u013eudsk\u00e9 telo<\/h1>\t\t\t\t<\/div>\n\t\t\t\t<\/div>\n\t\t\t\t\t<\/div>\n\t\t<\/div>\n\t\t\t\t\t<\/div>\n\t\t<\/section>\n\t\t\t\t<section class=\"elementor-section elementor-top-section elementor-element elementor-element-177d6beb elementor-section-boxed elementor-section-height-default elementor-section-height-default\" data-id=\"177d6beb\" data-element_type=\"section\">\n\t\t\t\t\t\t<div class=\"elementor-container elementor-column-gap-default\">\n\t\t\t\t\t<div class=\"elementor-column elementor-col-100 elementor-top-column elementor-element elementor-element-6f2f3312\" data-id=\"6f2f3312\" data-element_type=\"column\">\n\t\t\t<div class=\"elementor-widget-wrap elementor-element-populated\">\n\t\t\t\t\t\t<section class=\"elementor-section elementor-inner-section elementor-element elementor-element-3f4eaf32 elementor-section-content-middle elementor-reverse-mobile elementor-section-boxed elementor-section-height-default elementor-section-height-default\" data-id=\"3f4eaf32\" data-element_type=\"section\">\n\t\t\t\t\t\t<div class=\"elementor-container elementor-column-gap-wide\">\n\t\t\t\t\t<div class=\"elementor-column elementor-col-50 elementor-inner-column elementor-element elementor-element-11cf41bb elementor-invisible\" data-id=\"11cf41bb\" data-element_type=\"column\" data-settings=\"{&quot;animation&quot;:&quot;fadeInLeft&quot;}\">\n\t\t\t<div class=\"elementor-widget-wrap elementor-element-populated\">\n\t\t\t\t\t\t<div class=\"elementor-element elementor-element-5bf39b95 elementor-widget elementor-widget-image\" data-id=\"5bf39b95\" data-element_type=\"widget\" data-fancybox=\"image\" data-widget_type=\"image.default\">\n\t\t\t\t<div class=\"elementor-widget-container\">\n\t\t\t\t\t\t\t\t\t\t\t\t\t\t\t<img fetchpriority=\"high\" decoding=\"async\" width=\"1024\" height=\"730\" src=\"https:\/\/danone.sk\/web\/wp-content\/uploads\/sites\/6\/2020\/12\/Infografika-3-1024x730.jpg\" class=\"attachment-large size-large wp-image-193010\" alt=\"\" srcset=\"https:\/\/danone.sk\/web\/wp-content\/uploads\/sites\/6\/2020\/12\/Infografika-3-1024x730.jpg 1024w, https:\/\/danone.sk\/web\/wp-content\/uploads\/sites\/6\/2020\/12\/Infografika-3-300x214.jpg 300w, https:\/\/danone.sk\/web\/wp-content\/uploads\/sites\/6\/2020\/12\/Infografika-3-768x548.jpg 768w, https:\/\/danone.sk\/web\/wp-content\/uploads\/sites\/6\/2020\/12\/Infografika-3-1536x1096.jpg 1536w, https:\/\/danone.sk\/web\/wp-content\/uploads\/sites\/6\/2020\/12\/Infografika-3-200x143.jpg 200w, https:\/\/danone.sk\/web\/wp-content\/uploads\/sites\/6\/2020\/12\/Infografika-3.jpg 1789w\" sizes=\"(max-width: 1024px) 100vw, 1024px\" \/>\t\t\t\t\t\t\t\t\t\t\t\t\t\t\t<\/div>\n\t\t\t\t<\/div>\n\t\t\t\t\t<\/div>\n\t\t<\/div>\n\t\t\t\t<div class=\"elementor-column elementor-col-50 elementor-inner-column elementor-element elementor-element-1e5e7eab\" data-id=\"1e5e7eab\" data-element_type=\"column\">\n\t\t\t<div class=\"elementor-widget-wrap elementor-element-populated\">\n\t\t\t\t\t\t<div class=\"elementor-element elementor-element-e225fe1 elementor-widget elementor-widget-heading\" data-id=\"e225fe1\" data-element_type=\"widget\" data-widget_type=\"heading.default\">\n\t\t\t\t<div class=\"elementor-widget-container\">\n\t\t\t\t\t<h5 class=\"elementor-heading-title elementor-size-default\">Pre\u010do si da\u0165 aspo\u0148 jeden jogurt denne?<\/h5>\t\t\t\t<\/div>\n\t\t\t\t<\/div>\n\t\t\t\t<div class=\"elementor-element elementor-element-16ef14a7 elementor-widget elementor-widget-text-editor\" data-id=\"16ef14a7\" data-element_type=\"widget\" data-widget_type=\"text-editor.default\">\n\t\t\t\t<div class=\"elementor-widget-container\">\n\t\t\t\t\t\t\t\t\t<p><span style=\"font-weight: 400\">Jogurt pr\u00e1vom patr\u00ed na zoznam zdrav\u00fdch potrav\u00edn. V mnoh\u00fdch \u0161t\u00fadi\u00e1ch sa vedci zhodli, <\/span><span style=\"font-weight: 400\"><br \/><\/span><span style=\"font-weight: 400\">\u017ee okrem skvelej chuti m\u00e1 biely jogurt tie\u017e v\u00fdznam pre na\u0161e zdravie. Jogurt je v\u00fdborn\u00fdm zdrojom v\u00e1pnika, ktor\u00fd je potrebn\u00fd pre tvorbu kost\u00ed, zubov a spr\u00e1vnu funkciu nervov\u00e9ho syst\u00e9mu. Okrem v\u00e1pniku je jogurt taktie\u017e zdrojom plnohodnotn\u00fdch bielkov\u00edn, ktor\u00e9 s\u00fa potrebn\u00e9 pre na\u0161e svalstvo. \u010ealej obsahuje vitam\u00edn D a prirodzene sa vyskytuj\u00faci fosfor spolu s \u010fal\u0161\u00edmi miner\u00e1lmi d\u00f4le\u017eit\u00fdmi pre n\u00e1\u0161 organizmus. V\u010faka kyseline mlie\u010dnej m\u00e1 jogurt pozit\u00edvny vplyv na \u010drevn\u00fa mikrofl\u00f3ru a obsahuje mnoho \u017eiv\u00fdch kult\u00far, ktor\u00e9 prispievaj\u00fa k lep\u0161iemu tr\u00e1veniu<\/span><span style=\"font-weight: 400\"><br \/><\/span><span style=\"font-weight: 400\">a posil\u0148ovaniu na\u0161ej obranyschopnosti, a tie\u017e k lep\u0161iemu vstreb\u00e1vaniu miner\u00e1lov a vitam\u00ednov.<\/span><\/p>\t\t\t\t\t\t\t\t<\/div>\n\t\t\t\t<\/div>\n\t\t\t\t\t<\/div>\n\t\t<\/div>\n\t\t\t\t\t<\/div>\n\t\t<\/section>\n\t\t\t\t\t<\/div>\n\t\t<\/div>\n\t\t\t\t\t<\/div>\n\t\t<\/section>\n\t\t\t\t<section class=\"elementor-section elementor-top-section elementor-element elementor-element-79a5a64e elementor-section-boxed elementor-section-height-default elementor-section-height-default\" data-id=\"79a5a64e\" data-element_type=\"section\">\n\t\t\t\t\t\t<div class=\"elementor-container elementor-column-gap-default\">\n\t\t\t\t\t<div class=\"elementor-column elementor-col-100 elementor-top-column elementor-element elementor-element-6833147f\" data-id=\"6833147f\" data-element_type=\"column\">\n\t\t\t<div class=\"elementor-widget-wrap elementor-element-populated\">\n\t\t\t\t\t\t<section class=\"elementor-section elementor-inner-section elementor-element elementor-element-785e98b9 elementor-section-content-middle elementor-section-boxed elementor-section-height-default elementor-section-height-default\" data-id=\"785e98b9\" data-element_type=\"section\">\n\t\t\t\t\t\t<div class=\"elementor-container elementor-column-gap-wide\">\n\t\t\t\t\t<div class=\"elementor-column elementor-col-50 elementor-inner-column elementor-element elementor-element-34b4d933\" data-id=\"34b4d933\" data-element_type=\"column\">\n\t\t\t<div class=\"elementor-widget-wrap elementor-element-populated\">\n\t\t\t\t\t\t<div class=\"elementor-element elementor-element-214a0c1c elementor-widget elementor-widget-heading\" data-id=\"214a0c1c\" data-element_type=\"widget\" data-widget_type=\"heading.default\">\n\t\t\t\t<div class=\"elementor-widget-container\">\n\t\t\t\t\t<h5 class=\"elementor-heading-title elementor-size-default\">Jogurt je \u017eiv\u00fd<\/h5>\t\t\t\t<\/div>\n\t\t\t\t<\/div>\n\t\t\t\t<div class=\"elementor-element elementor-element-b5da841 elementor-widget elementor-widget-text-editor\" data-id=\"b5da841\" data-element_type=\"widget\" data-widget_type=\"text-editor.default\">\n\t\t\t\t<div class=\"elementor-widget-container\">\n\t\t\t\t\t\t\t\t\t<p><span style=\"font-weight: 400\">Na\u0161e \u010drevo je os\u00eddlen\u00e9 nespo\u010detn\u00fdm mno\u017estvom \u201edobr\u00fdch\u201c a \u201ezl\u00fdch\u201c bakt\u00e9ri\u00ed. Ka\u017ed\u00fd z\u00a0n\u00e1s m\u00e1 in\u00fd mikrobi\u00f3m, in\u00fdmi slovami odli\u0161n\u00e9 mno\u017estvo a zast\u00fapenie jednotliv\u00fdch druhov bakt\u00e9ri\u00ed. Je to neut\u00edchaj\u00faci boj, a my sami m\u00f4\u017eeme rozhodn\u00fa\u0165, ak\u00fd typ bakt\u00e9ri\u00ed podpor\u00edme. Ide\u00e1lnym stavom pre na\u0161e zdravie je, ke\u010f s\u00fa obe skupiny v\u00a0rovnov\u00e1he. To m\u00f4\u017eeme docieli\u0165 spr\u00e1vnou a vyv\u00e1\u017eenou stravou, v\u00a0ktorej by nemal ch\u00fdba\u0165\u00a0dostatok vl\u00e1kniny a fermentovan\u00fdch mlie\u010dnych produktov. Vyh\u00fdba\u0165 by sme sa naopak mali nevhodn\u00fdm tukom a cukrom, \u010di ve\u013ek\u00e9mu mno\u017estvu k\u00e1vy a alkoholu.\u00a0<\/span><\/p><p><span style=\"font-weight: 400\">A pr\u00e1ve vo fermentovan\u00fdch mlie\u010dnych produktoch, ak\u00fdm je napr\u00edklad jogurt, n\u00e1jdeme zdraviu prospe\u0161n\u00e9 laktobacily, bifidobakt\u00e9rie a\u00a0v\u00a0pr\u00edpade zna\u010diek Activia a\u00a0Actimel aj probiotick\u00e9 bakt\u00e9rie. Tieto mikroorganizmy dok\u00e1\u017eu v\u00a0na\u0161ich \u010drev\u00e1ch doslova z\u00e1zraky \u2013 napom\u00e1haj\u00fa upev\u0148ova\u0165 \u010drevn\u00fa mikrofl\u00f3ru, pom\u00e1haj\u00fa vytv\u00e1ra\u0165 nehostinn\u00e9 prostredie pre choroboplodn\u00e9 mikroorganizmy a posil\u0148uj\u00fa prospe\u0161n\u00fa mikrofl\u00f3ru<\/span><\/p>\t\t\t\t\t\t\t\t<\/div>\n\t\t\t\t<\/div>\n\t\t\t\t\t<\/div>\n\t\t<\/div>\n\t\t\t\t<div class=\"elementor-column elementor-col-50 elementor-inner-column elementor-element elementor-element-6838cabf elementor-invisible\" data-id=\"6838cabf\" data-element_type=\"column\" data-settings=\"{&quot;animation&quot;:&quot;fadeInRight&quot;}\">\n\t\t\t<div class=\"elementor-widget-wrap elementor-element-populated\">\n\t\t\t\t\t\t<div class=\"elementor-element elementor-element-461cb43c elementor-widget elementor-widget-image\" data-id=\"461cb43c\" data-element_type=\"widget\" data-fancybox=\"image\" data-widget_type=\"image.default\">\n\t\t\t\t<div class=\"elementor-widget-container\">\n\t\t\t\t\t\t\t\t\t\t\t\t\t\t\t<img decoding=\"async\" width=\"480\" height=\"380\" src=\"https:\/\/danone.sk\/web\/wp-content\/uploads\/sites\/6\/2020\/12\/jogurt-a-lidske-telo-2.jpg\" class=\"attachment-large size-large wp-image-192551\" alt=\"\" srcset=\"https:\/\/danone.sk\/web\/wp-content\/uploads\/sites\/6\/2020\/12\/jogurt-a-lidske-telo-2.jpg 480w, https:\/\/danone.sk\/web\/wp-content\/uploads\/sites\/6\/2020\/12\/jogurt-a-lidske-telo-2-300x238.jpg 300w, https:\/\/danone.sk\/web\/wp-content\/uploads\/sites\/6\/2020\/12\/jogurt-a-lidske-telo-2-200x158.jpg 200w\" sizes=\"(max-width: 480px) 100vw, 480px\" \/>\t\t\t\t\t\t\t\t\t\t\t\t\t\t\t<\/div>\n\t\t\t\t<\/div>\n\t\t\t\t\t<\/div>\n\t\t<\/div>\n\t\t\t\t\t<\/div>\n\t\t<\/section>\n\t\t\t\t\t<\/div>\n\t\t<\/div>\n\t\t\t\t\t<\/div>\n\t\t<\/section>\n\t\t\t\t<section class=\"elementor-section elementor-top-section elementor-element elementor-element-92fddae elementor-hidden-phone elementor-section-boxed elementor-section-height-default elementor-section-height-default\" data-id=\"92fddae\" data-element_type=\"section\">\n\t\t\t\t\t\t<div class=\"elementor-container elementor-column-gap-default\">\n\t\t\t\t\t<div class=\"elementor-column elementor-col-100 elementor-top-column elementor-element elementor-element-173a728\" data-id=\"173a728\" data-element_type=\"column\">\n\t\t\t<div class=\"elementor-widget-wrap elementor-element-populated\">\n\t\t\t\t\t\t<div class=\"elementor-element elementor-element-318cf56 elementor-widget elementor-widget-spacer\" data-id=\"318cf56\" data-element_type=\"widget\" data-widget_type=\"spacer.default\">\n\t\t\t\t<div class=\"elementor-widget-container\">\n\t\t\t\t\t\t\t<div class=\"elementor-spacer\">\n\t\t\t<div class=\"elementor-spacer-inner\"><\/div>\n\t\t<\/div>\n\t\t\t\t\t\t<\/div>\n\t\t\t\t<\/div>\n\t\t\t\t\t<\/div>\n\t\t<\/div>\n\t\t\t\t\t<\/div>\n\t\t<\/section>\n\t\t\t\t<section class=\"elementor-section elementor-top-section elementor-element elementor-element-f9498d0 elementor-section-boxed elementor-section-height-default elementor-section-height-default\" data-id=\"f9498d0\" data-element_type=\"section\">\n\t\t\t\t\t\t<div class=\"elementor-container elementor-column-gap-default\">\n\t\t\t\t\t<div class=\"elementor-column elementor-col-100 elementor-top-column elementor-element elementor-element-41b0a63\" data-id=\"41b0a63\" data-element_type=\"column\">\n\t\t\t<div class=\"elementor-widget-wrap elementor-element-populated\">\n\t\t\t\t\t\t<section class=\"elementor-section elementor-inner-section elementor-element elementor-element-f040569 elementor-section-content-middle elementor-reverse-mobile elementor-section-boxed elementor-section-height-default elementor-section-height-default\" data-id=\"f040569\" data-element_type=\"section\">\n\t\t\t\t\t\t<div class=\"elementor-container elementor-column-gap-wide\">\n\t\t\t\t\t<div class=\"elementor-column elementor-col-50 elementor-inner-column elementor-element elementor-element-c242d2e elementor-invisible\" data-id=\"c242d2e\" data-element_type=\"column\" data-settings=\"{&quot;animation&quot;:&quot;fadeInLeft&quot;}\">\n\t\t\t<div class=\"elementor-widget-wrap elementor-element-populated\">\n\t\t\t\t\t\t<div class=\"elementor-element elementor-element-e3780da elementor-widget elementor-widget-image\" data-id=\"e3780da\" data-element_type=\"widget\" data-fancybox=\"image\" data-widget_type=\"image.default\">\n\t\t\t\t<div class=\"elementor-widget-container\">\n\t\t\t\t\t\t\t\t\t\t\t\t\t\t\t<img decoding=\"async\" width=\"1024\" height=\"707\" src=\"https:\/\/danone.sk\/web\/wp-content\/uploads\/sites\/6\/2020\/12\/61-scaled-1024x707.jpg\" class=\"attachment-large size-large wp-image-192893\" alt=\"\" srcset=\"https:\/\/danone.sk\/web\/wp-content\/uploads\/sites\/6\/2020\/12\/61-scaled-1024x707.jpg 1024w, https:\/\/danone.sk\/web\/wp-content\/uploads\/sites\/6\/2020\/12\/61-scaled-300x207.jpg 300w, https:\/\/danone.sk\/web\/wp-content\/uploads\/sites\/6\/2020\/12\/61-scaled-768x530.jpg 768w, https:\/\/danone.sk\/web\/wp-content\/uploads\/sites\/6\/2020\/12\/61-scaled-1536x1061.jpg 1536w, https:\/\/danone.sk\/web\/wp-content\/uploads\/sites\/6\/2020\/12\/61-scaled-2048x1414.jpg 2048w, https:\/\/danone.sk\/web\/wp-content\/uploads\/sites\/6\/2020\/12\/61-scaled-200x138.jpg 200w, https:\/\/danone.sk\/web\/wp-content\/uploads\/sites\/6\/2020\/12\/61-scaled.jpg 1920w\" sizes=\"(max-width: 1024px) 100vw, 1024px\" \/>\t\t\t\t\t\t\t\t\t\t\t\t\t\t\t<\/div>\n\t\t\t\t<\/div>\n\t\t\t\t\t<\/div>\n\t\t<\/div>\n\t\t\t\t<div class=\"elementor-column elementor-col-50 elementor-inner-column elementor-element elementor-element-3aab1c3\" data-id=\"3aab1c3\" data-element_type=\"column\">\n\t\t\t<div class=\"elementor-widget-wrap elementor-element-populated\">\n\t\t\t\t\t\t<div class=\"elementor-element elementor-element-6284017 elementor-widget elementor-widget-heading\" data-id=\"6284017\" data-element_type=\"widget\" data-widget_type=\"heading.default\">\n\t\t\t\t<div class=\"elementor-widget-container\">\n\t\t\t\t\t<h5 class=\"elementor-heading-title elementor-size-default\">Intolerancia lakt\u00f3zy<\/h5>\t\t\t\t<\/div>\n\t\t\t\t<\/div>\n\t\t\t\t<div class=\"elementor-element elementor-element-d7334d1 elementor-widget elementor-widget-text-editor\" data-id=\"d7334d1\" data-element_type=\"widget\" data-widget_type=\"text-editor.default\">\n\t\t\t\t<div class=\"elementor-widget-container\">\n\t\t\t\t\t\t\t\t\t<p><span style=\"font-weight: 400\">Pribli\u017ene 10-15% slovenskej popul\u00e1cie trp\u00ed metabolickou poruchou zvanou intolerancia lakt\u00f3zy. T\u00edto \u013eudia sa vyh\u00fdbaj\u00fa, ve\u013emi \u010dasto pod vplyvom nie v\u017edy pravdiv\u00fdch inform\u00e1ci\u00ed, konzum\u00e1cii v\u0161etk\u00fdch mlie\u010dnych v\u00fdrobkov.\u00a0<\/span><\/p><p><span style=\"font-weight: 400\">Pr\u00ed\u010dinou ich \u0165a\u017ekost\u00ed je skuto\u010dnos\u0165, \u017ee nie s\u00fa schopn\u00ed vyu\u017ei\u0165 mlie\u010dny cukor lakt\u00f3zu, preto\u017ee ich telo neprodukuje potrebn\u00fd enz\u00fdm nazvan\u00fd lakt\u00f3za. V d\u00f4sledku toho sa lakt\u00f3za dost\u00e1va nestr\u00e1ven\u00e1 do \u010dreva, \u010do u t\u00fdchto \u013eud\u00ed sp\u00f4sobuje \u010drevn\u00e9 koliky, hna\u010dky a zvracanie.<\/span><\/p><p><span style=\"font-weight: 400\">Jogurty s\u00fa vhodnou alternat\u00edvou konzum\u00e1cie mlieka pre takto postihnut\u00fdch \u013eud\u00ed. Jogurtov\u00e9 kult\u00fary toti\u017e produkuj\u00fa enz\u00fdm lakt\u00e1za, ktor\u00fd u\u017e v samotnom jogurte \u0161tiepi lakt\u00f3zu na gluk\u00f3zu<\/span><span style=\"font-weight: 400\"><br \/><\/span><span style=\"font-weight: 400\">a galakt\u00f3zu. N\u00e1sledne s\u00fa tieto jednoduch\u00e9 cukry premenen\u00e9 na kyselinu mlie\u010dnu. <\/span><span style=\"font-weight: 400\"><br \/><\/span><span style=\"font-weight: 400\">Jogurtov\u00e9 kult\u00fary preto prispievaj\u00fa tr\u00e1veniu lakt\u00f3zy.<\/span><\/p><p><span style=\"font-weight: 400\">Navy\u0161e kyselina mlie\u010dna, ktor\u00e1 vznik\u00e1 prirodzene po\u010das ferment\u00e1cie, ochr\u00e1ni jogurt pred rastom ne\u017eiaducich mikroorganizmov.<\/span><\/p>\t\t\t\t\t\t\t\t<\/div>\n\t\t\t\t<\/div>\n\t\t\t\t\t<\/div>\n\t\t<\/div>\n\t\t\t\t\t<\/div>\n\t\t<\/section>\n\t\t\t\t\t<\/div>\n\t\t<\/div>\n\t\t\t\t\t<\/div>\n\t\t<\/section>\n\t\t\t\t<section class=\"elementor-section elementor-top-section elementor-element elementor-element-35887be elementor-section-boxed elementor-section-height-default elementor-section-height-default\" data-id=\"35887be\" data-element_type=\"section\">\n\t\t\t\t\t\t<div class=\"elementor-container elementor-column-gap-default\">\n\t\t\t\t\t<div class=\"elementor-column elementor-col-100 elementor-top-column elementor-element elementor-element-4533810\" data-id=\"4533810\" data-element_type=\"column\">\n\t\t\t<div class=\"elementor-widget-wrap elementor-element-populated\">\n\t\t\t\t\t\t<div class=\"elementor-element elementor-element-a5c5ada elementor-widget elementor-widget-spacer\" data-id=\"a5c5ada\" data-element_type=\"widget\" data-widget_type=\"spacer.default\">\n\t\t\t\t<div class=\"elementor-widget-container\">\n\t\t\t\t\t\t\t<div class=\"elementor-spacer\">\n\t\t\t<div class=\"elementor-spacer-inner\"><\/div>\n\t\t<\/div>\n\t\t\t\t\t\t<\/div>\n\t\t\t\t<\/div>\n\t\t\t\t\t<\/div>\n\t\t<\/div>\n\t\t\t\t\t<\/div>\n\t\t<\/section>\n\t\t\t\t<section class=\"elementor-section elementor-top-section elementor-element elementor-element-3d05bfb elementor-section-boxed elementor-section-height-default elementor-section-height-default\" data-id=\"3d05bfb\" data-element_type=\"section\">\n\t\t\t\t\t\t<div class=\"elementor-container elementor-column-gap-default\">\n\t\t\t\t\t<div class=\"elementor-column elementor-col-100 elementor-top-column elementor-element elementor-element-b4ea3a5\" data-id=\"b4ea3a5\" data-element_type=\"column\">\n\t\t\t<div class=\"elementor-widget-wrap elementor-element-populated\">\n\t\t\t\t\t\t<div class=\"elementor-element elementor-element-2f7d0f4 elementor-widget elementor-widget-heading\" data-id=\"2f7d0f4\" data-element_type=\"widget\" data-widget_type=\"heading.default\">\n\t\t\t\t<div class=\"elementor-widget-container\">\n\t\t\t\t\t<h2 class=\"elementor-heading-title elementor-size-default\">Na\u0161e mlie\u010dne produkty<\/h2>\t\t\t\t<\/div>\n\t\t\t\t<\/div>\n\t\t\t\t\t<\/div>\n\t\t<\/div>\n\t\t\t\t\t<\/div>\n\t\t<\/section>\n\t\t\t\t<section class=\"elementor-section elementor-top-section elementor-element elementor-element-879b7e1 safari-fix-bg elementor-section-boxed elementor-section-height-default elementor-section-height-default elementor-invisible\" data-id=\"879b7e1\" data-element_type=\"section\" data-settings=\"{&quot;background_background&quot;:&quot;gradient&quot;,&quot;animation&quot;:&quot;fadeIn&quot;}\">\n\t\t\t\t\t\t<div class=\"elementor-container elementor-column-gap-default\">\n\t\t\t\t\t<div class=\"elementor-column elementor-col-100 elementor-top-column elementor-element elementor-element-9acb469\" data-id=\"9acb469\" data-element_type=\"column\">\n\t\t\t<div class=\"elementor-widget-wrap elementor-element-populated\">\n\t\t\t\t\t\t\t<\/div>\n\t\t<\/div>\n\t\t\t\t\t<\/div>\n\t\t<\/section>\n\t\t\t\t<section class=\"elementor-section elementor-top-section elementor-element elementor-element-ee44b35 elementor-section-boxed elementor-section-height-default elementor-section-height-default\" data-id=\"ee44b35\" data-element_type=\"section\">\n\t\t\t\t\t\t<div class=\"elementor-container elementor-column-gap-default\">\n\t\t\t\t\t<div class=\"elementor-column elementor-col-100 elementor-top-column elementor-element elementor-element-5de1013\" data-id=\"5de1013\" data-element_type=\"column\">\n\t\t\t<div class=\"elementor-widget-wrap elementor-element-populated\">\n\t\t\t\t\t\t<div class=\"elementor-element elementor-element-543243c elementor-widget elementor-widget-spacer\" data-id=\"543243c\" data-element_type=\"widget\" data-widget_type=\"spacer.default\">\n\t\t\t\t<div class=\"elementor-widget-container\">\n\t\t\t\t\t\t\t<div class=\"elementor-spacer\">\n\t\t\t<div class=\"elementor-spacer-inner\"><\/div>\n\t\t<\/div>\n\t\t\t\t\t\t<\/div>\n\t\t\t\t<\/div>\n\t\t\t\t\t<\/div>\n\t\t<\/div>\n\t\t\t\t\t<\/div>\n\t\t<\/section>\n\t\t\t\t<\/div>\n\t\t","protected":false},"excerpt":{"rendered":"<p>Jogurt a \u013eudsk\u00e9 telo Pre\u010do si da\u0165 aspo\u0148 jeden jogurt denne? Jogurt pr\u00e1vom patr\u00ed na zoznam zdrav\u00fdch potrav\u00edn. V mnoh\u00fdch \u0161t\u00fadi\u00e1ch sa vedci zhodli, \u017ee okrem skvelej chuti m\u00e1 biely jogurt tie\u017e v\u00fdznam pre na\u0161e zdravie. Jogurt je v\u00fdborn\u00fdm zdrojom v\u00e1pnika, ktor\u00fd je potrebn\u00fd pre tvorbu kost\u00ed, zubov a spr\u00e1vnu funkciu nervov\u00e9ho syst\u00e9mu. Okrem v\u00e1pniku [&hellip;]<\/p>\n","protected":false},"author":1,"featured_media":192891,"parent":192517,"menu_order":0,"comment_status":"open","ping_status":"closed","template":"","meta":{"footnotes":""},"class_list":["post-192546","page","type-page","status-publish","has-post-thumbnail","hentry"],"acf":[],"_links":{"self":[{"href":"https:\/\/danone.sk\/web\/wp-json\/wp\/v2\/pages\/192546","targetHints":{"allow":["GET"]}}],"collection":[{"href":"https:\/\/danone.sk\/web\/wp-json\/wp\/v2\/pages"}],"about":[{"href":"https:\/\/danone.sk\/web\/wp-json\/wp\/v2\/types\/page"}],"author":[{"embeddable":true,"href":"https:\/\/danone.sk\/web\/wp-json\/wp\/v2\/users\/1"}],"replies":[{"embeddable":true,"href":"https:\/\/danone.sk\/web\/wp-json\/wp\/v2\/comments?post=192546"}],"version-history":[{"count":5,"href":"https:\/\/danone.sk\/web\/wp-json\/wp\/v2\/pages\/192546\/revisions"}],"predecessor-version":[{"id":193149,"href":"https:\/\/danone.sk\/web\/wp-json\/wp\/v2\/pages\/192546\/revisions\/193149"}],"up":[{"embeddable":true,"href":"https:\/\/danone.sk\/web\/wp-json\/wp\/v2\/pages\/192517"}],"wp:featuredmedia":[{"embeddable":true,"href":"https:\/\/danone.sk\/web\/wp-json\/wp\/v2\/media\/192891"}],"wp:attachment":[{"href":"https:\/\/danone.sk\/web\/wp-json\/wp\/v2\/media?parent=192546"}],"curies":[{"name":"wp","href":"https:\/\/api.w.org\/{rel}","templated":true}]}}