{"id":192578,"date":"2020-12-02T01:00:27","date_gmt":"2020-12-02T00:00:27","guid":{"rendered":"https:\/\/danone-edp.test\/?page_id=192578"},"modified":"2021-01-08T01:43:42","modified_gmt":"2021-01-08T00:43:42","slug":"recepty","status":"publish","type":"page","link":"https:\/\/danone.sk\/web\/recepty\/","title":{"rendered":"Recepty"},"content":{"rendered":"\t\t<div data-elementor-type=\"wp-page\" data-elementor-id=\"192578\" class=\"elementor elementor-192578\" data-elementor-post-type=\"page\">\n\t\t\t\t\t\t<section class=\"elementor-section elementor-top-section elementor-element elementor-element-53f9a38e elementor-section-boxed elementor-section-height-default elementor-section-height-default\" data-id=\"53f9a38e\" data-element_type=\"section\">\n\t\t\t\t\t\t<div class=\"elementor-container elementor-column-gap-default\">\n\t\t\t\t\t<div class=\"elementor-column elementor-col-100 elementor-top-column elementor-element elementor-element-232b8199\" data-id=\"232b8199\" data-element_type=\"column\">\n\t\t\t<div class=\"elementor-widget-wrap elementor-element-populated\">\n\t\t\t\t\t\t<div class=\"elementor-element elementor-element-5bed82a3 elementor-widget elementor-widget-heading\" data-id=\"5bed82a3\" data-element_type=\"widget\" data-widget_type=\"heading.default\">\n\t\t\t\t<div class=\"elementor-widget-container\">\n\t\t\t\t\t<h1 class=\"elementor-heading-title elementor-size-default\">Sta\u0148te sa s nami flexitari\u00e1nom\u200b<\/h1>\t\t\t\t<\/div>\n\t\t\t\t<\/div>\n\t\t\t\t\t<\/div>\n\t\t<\/div>\n\t\t\t\t\t<\/div>\n\t\t<\/section>\n\t\t\t\t<section class=\"elementor-section elementor-inner-section elementor-element elementor-element-66778b1a elementor-section-content-middle elementor-section-boxed elementor-section-height-default elementor-section-height-default\" data-id=\"66778b1a\" data-element_type=\"section\">\n\t\t\t\t\t\t<div class=\"elementor-container elementor-column-gap-wide\">\n\t\t\t\t\t<div class=\"elementor-column elementor-col-50 elementor-inner-column elementor-element elementor-element-10922502 elementor-invisible\" data-id=\"10922502\" data-element_type=\"column\" data-settings=\"{&quot;animation&quot;:&quot;zoomInLeft&quot;}\">\n\t\t\t<div class=\"elementor-widget-wrap elementor-element-populated\">\n\t\t\t\t\t\t<div class=\"elementor-element elementor-element-b1cf650 elementor-widget elementor-widget-image\" data-id=\"b1cf650\" data-element_type=\"widget\" data-fancybox=\"image\" data-widget_type=\"image.default\">\n\t\t\t\t<div class=\"elementor-widget-container\">\n\t\t\t\t\t\t\t\t\t\t\t\t\t\t\t<img fetchpriority=\"high\" decoding=\"async\" width=\"1024\" height=\"683\" src=\"https:\/\/danone.sk\/web\/wp-content\/uploads\/sites\/6\/2020\/12\/28-1-scaled-1024x683.jpg\" class=\"attachment-large size-large wp-image-192901\" alt=\"\" srcset=\"https:\/\/danone.sk\/web\/wp-content\/uploads\/sites\/6\/2020\/12\/28-1-scaled-1024x683.jpg 1024w, https:\/\/danone.sk\/web\/wp-content\/uploads\/sites\/6\/2020\/12\/28-1-scaled-300x200.jpg 300w, https:\/\/danone.sk\/web\/wp-content\/uploads\/sites\/6\/2020\/12\/28-1-scaled-768x512.jpg 768w, https:\/\/danone.sk\/web\/wp-content\/uploads\/sites\/6\/2020\/12\/28-1-scaled-1536x1024.jpg 1536w, https:\/\/danone.sk\/web\/wp-content\/uploads\/sites\/6\/2020\/12\/28-1-scaled-2048x1366.jpg 2048w, https:\/\/danone.sk\/web\/wp-content\/uploads\/sites\/6\/2020\/12\/28-1-scaled-200x133.jpg 200w, https:\/\/danone.sk\/web\/wp-content\/uploads\/sites\/6\/2020\/12\/28-1-scaled.jpg 1920w\" sizes=\"(max-width: 1024px) 100vw, 1024px\" \/>\t\t\t\t\t\t\t\t\t\t\t\t\t\t\t<\/div>\n\t\t\t\t<\/div>\n\t\t\t\t\t<\/div>\n\t\t<\/div>\n\t\t\t\t<div class=\"elementor-column elementor-col-50 elementor-inner-column elementor-element elementor-element-a8f74fc\" data-id=\"a8f74fc\" data-element_type=\"column\">\n\t\t\t<div class=\"elementor-widget-wrap elementor-element-populated\">\n\t\t\t\t\t\t<div class=\"elementor-element elementor-element-5daac974 elementor-widget elementor-widget-text-editor\" data-id=\"5daac974\" data-element_type=\"widget\" data-widget_type=\"text-editor.default\">\n\t\t\t\t<div class=\"elementor-widget-container\">\n\t\t\t\t\t\t\t\t\t<p><span style=\"font-weight: 400\">S\u00a0cie\u013eom zlep\u0161ova\u0165 kvalitu n\u00e1\u0161ho \u017eivota \u00fazko s\u00favis\u00ed aj t\u00fa\u017eba \u010dloveka neust\u00e1le h\u013eada\u0165 nov\u00e9 a lep\u0161ie alternat\u00edvy ku klasick\u00e9mu sp\u00f4sobu stravovania. \u013du\u010fom u\u017e nesta\u010d\u00ed\u00a0tradi\u010dn\u00e1 kuchy\u0148a, a preto sa rozhliadaj\u00fa po nov\u00fdch mo\u017enostiach, ktor\u00e9 so sebou prin\u00e1\u0161aj\u00fa i nov\u00e9 benefity \u2013 u\u0161etria \u010das, s\u00fa zdrav\u00e9 alebo dokonca \u0161etrnej\u0161ie k\u00a0\u017eivotn\u00e9mu prostrediu. Z\u00e1rove\u0148 spotrebitelia po celom svete venuj\u00fa \u010faleko v\u00e4\u010d\u0161iu pozornos\u0165 tomu, \u010do nakupuj\u00fa. Starostlivo sk\u00famaj\u00fa produkty, a to nielen nich zlo\u017eenie, ale zauj\u00edmaj\u00fa sa aj o to, kto stoj\u00ed za zna\u010dkou, ako boli potraviny pripraven\u00e9 a kde a ako boli jednotliv\u00e9 suroviny vypestovan\u00e9.<br \/><\/span><\/p><p><span style=\"font-weight: 400\">Viete ale, \u010do znamen\u00e1 by\u0165 flexitari\u00e1nom? Flexitari\u00e1nstvu sa niekedy tie\u017e hovor\u00ed \u201epr\u00edle\u017eitostn\u00e9 vegetari\u00e1nstvo\u201c, a ide o jeho miernej\u0161iu formu. Je to sp\u00f4sob stravovania, ktor\u00fd je zalo\u017een\u00fd na rastlinnej strave, ale zah\u0155\u0148a aj konzum\u00e1ciu mlie\u010dnych a pr\u00edle\u017eitostne m\u00e4sit\u00fdch pokrmov. Na popularite z\u00edskava v\u010faka dopadu na \u017eivotn\u00e9 prostredie. Tento stravovac\u00ed smer je zalo\u017een\u00fd na zv\u00fd\u0161enom pr\u00edjme rastlinn\u00fdch produktov, av\u0161ak nie na \u00faplnom vyl\u00fa\u010den\u00ed m\u00e4sa z jed\u00e1lni\u010dka, sk\u00f4r na jeho obohaten\u00ed o nov\u00e9 potraviny, ktor\u00e9 m\u00f4\u017eu by\u0165 ve\u013emi prospe\u0161n\u00e9 pre zdravie a bohat\u00fdm zdrojom bielkov\u00edn.<\/span><\/p>\t\t\t\t\t\t\t\t<\/div>\n\t\t\t\t<\/div>\n\t\t\t\t\t<\/div>\n\t\t<\/div>\n\t\t\t\t\t<\/div>\n\t\t<\/section>\n\t\t\t\t<\/div>\n\t\t","protected":false},"excerpt":{"rendered":"<p>Sta\u0148te sa s nami flexitari\u00e1nom\u200b S\u00a0cie\u013eom zlep\u0161ova\u0165 kvalitu n\u00e1\u0161ho \u017eivota \u00fazko s\u00favis\u00ed aj t\u00fa\u017eba \u010dloveka neust\u00e1le h\u013eada\u0165 nov\u00e9 a lep\u0161ie alternat\u00edvy ku klasick\u00e9mu sp\u00f4sobu stravovania. \u013du\u010fom u\u017e nesta\u010d\u00ed\u00a0tradi\u010dn\u00e1 kuchy\u0148a, a preto sa rozhliadaj\u00fa po nov\u00fdch mo\u017enostiach, ktor\u00e9 so sebou prin\u00e1\u0161aj\u00fa i nov\u00e9 benefity \u2013 u\u0161etria \u010das, s\u00fa zdrav\u00e9 alebo dokonca \u0161etrnej\u0161ie k\u00a0\u017eivotn\u00e9mu prostrediu. Z\u00e1rove\u0148 spotrebitelia [&hellip;]<\/p>\n","protected":false},"author":1,"featured_media":192580,"parent":0,"menu_order":2,"comment_status":"closed","ping_status":"closed","template":"views\/template-recipe.blade.php","meta":{"footnotes":""},"class_list":["post-192578","page","type-page","status-publish","has-post-thumbnail","hentry"],"acf":[],"_links":{"self":[{"href":"https:\/\/danone.sk\/web\/wp-json\/wp\/v2\/pages\/192578","targetHints":{"allow":["GET"]}}],"collection":[{"href":"https:\/\/danone.sk\/web\/wp-json\/wp\/v2\/pages"}],"about":[{"href":"https:\/\/danone.sk\/web\/wp-json\/wp\/v2\/types\/page"}],"author":[{"embeddable":true,"href":"https:\/\/danone.sk\/web\/wp-json\/wp\/v2\/users\/1"}],"replies":[{"embeddable":true,"href":"https:\/\/danone.sk\/web\/wp-json\/wp\/v2\/comments?post=192578"}],"version-history":[{"count":4,"href":"https:\/\/danone.sk\/web\/wp-json\/wp\/v2\/pages\/192578\/revisions"}],"predecessor-version":[{"id":193135,"href":"https:\/\/danone.sk\/web\/wp-json\/wp\/v2\/pages\/192578\/revisions\/193135"}],"wp:featuredmedia":[{"embeddable":true,"href":"https:\/\/danone.sk\/web\/wp-json\/wp\/v2\/media\/192580"}],"wp:attachment":[{"href":"https:\/\/danone.sk\/web\/wp-json\/wp\/v2\/media?parent=192578"}],"curies":[{"name":"wp","href":"https:\/\/api.w.org\/{rel}","templated":true}]}}