{"id":192732,"date":"2020-12-16T18:24:57","date_gmt":"2020-12-16T17:24:57","guid":{"rendered":"https:\/\/danone-edp.test\/?page_id=192732"},"modified":"2020-12-28T21:31:24","modified_gmt":"2020-12-28T20:31:24","slug":"vyrobky-na-rastlinnej-baze","status":"publish","type":"page","link":"https:\/\/danone.sk\/web\/vyrobky-na-rastlinnej-baze\/","title":{"rendered":"V\u00fdrobky na rastlinnej b\u00e1ze"},"content":{"rendered":"\t\t<div data-elementor-type=\"wp-page\" data-elementor-id=\"192732\" class=\"elementor elementor-192732\" data-elementor-post-type=\"page\">\n\t\t\t\t\t\t<section class=\"elementor-section elementor-top-section elementor-element elementor-element-21761f7d elementor-section-boxed elementor-section-height-default elementor-section-height-default\" data-id=\"21761f7d\" data-element_type=\"section\">\n\t\t\t\t\t\t<div class=\"elementor-container elementor-column-gap-default\">\n\t\t\t\t\t<div class=\"elementor-column elementor-col-100 elementor-top-column elementor-element elementor-element-6ebde923\" data-id=\"6ebde923\" data-element_type=\"column\">\n\t\t\t<div class=\"elementor-widget-wrap elementor-element-populated\">\n\t\t\t\t\t\t<div class=\"elementor-element elementor-element-505a1625 elementor-widget elementor-widget-heading\" data-id=\"505a1625\" data-element_type=\"widget\" data-widget_type=\"heading.default\">\n\t\t\t\t<div class=\"elementor-widget-container\">\n\t\t\t\t\t<h1 class=\"elementor-heading-title elementor-size-default\">V\u00fdrobky na rastlinnej b\u00e1ze<\/h1>\t\t\t\t<\/div>\n\t\t\t\t<\/div>\n\t\t\t\t\t<\/div>\n\t\t<\/div>\n\t\t\t\t\t<\/div>\n\t\t<\/section>\n\t\t\t\t<section class=\"elementor-section elementor-top-section elementor-element elementor-element-416b2df2 elementor-section-boxed elementor-section-height-default elementor-section-height-default\" data-id=\"416b2df2\" data-element_type=\"section\">\n\t\t\t\t\t\t<div class=\"elementor-container elementor-column-gap-default\">\n\t\t\t\t\t<div class=\"elementor-column elementor-col-100 elementor-top-column elementor-element elementor-element-5be9ef70\" data-id=\"5be9ef70\" data-element_type=\"column\">\n\t\t\t<div class=\"elementor-widget-wrap elementor-element-populated\">\n\t\t\t\t\t\t<div class=\"elementor-element elementor-element-37a3094 elementor-grid-2 footer-news elementor-grid-tablet-2 elementor-grid-mobile-1 elementor-posts--thumbnail-top elementor-widget elementor-widget-posts\" data-id=\"37a3094\" data-element_type=\"widget\" data-settings=\"{&quot;classic_columns&quot;:&quot;2&quot;,&quot;classic_row_gap&quot;:{&quot;unit&quot;:&quot;px&quot;,&quot;size&quot;:15,&quot;sizes&quot;:[]},&quot;classic_columns_tablet&quot;:&quot;2&quot;,&quot;classic_columns_mobile&quot;:&quot;1&quot;,&quot;classic_row_gap_tablet&quot;:{&quot;unit&quot;:&quot;px&quot;,&quot;size&quot;:&quot;&quot;,&quot;sizes&quot;:[]},&quot;classic_row_gap_mobile&quot;:{&quot;unit&quot;:&quot;px&quot;,&quot;size&quot;:&quot;&quot;,&quot;sizes&quot;:[]}}\" data-widget_type=\"posts.classic\">\n\t\t\t\t<div class=\"elementor-widget-container\">\n\t\t\t\t\t\t\t<div class=\"elementor-posts-container elementor-posts elementor-posts--skin-classic elementor-grid\" role=\"list\">\n\t\t\t\t<article class=\"elementor-post elementor-grid-item post-192734 page type-page status-publish has-post-thumbnail hentry\" role=\"listitem\">\n\t\t\t\t<a class=\"elementor-post__thumbnail__link\" href=\"https:\/\/danone.sk\/web\/vyrobky-na-rastlinnej-baze\/co-vsetko-by-sme-mali-vediet\/\" tabindex=\"-1\" >\n\t\t\t<div class=\"elementor-post__thumbnail\"><img fetchpriority=\"high\" decoding=\"async\" width=\"768\" height=\"465\" src=\"https:\/\/danone.sk\/web\/wp-content\/uploads\/sites\/6\/2020\/12\/62-scaled-768x465.jpg\" class=\"attachment-medium_large size-medium_large wp-image-192895\" alt=\"\" srcset=\"https:\/\/danone.sk\/web\/wp-content\/uploads\/sites\/6\/2020\/12\/62-scaled-768x465.jpg 768w, https:\/\/danone.sk\/web\/wp-content\/uploads\/sites\/6\/2020\/12\/62-scaled-300x182.jpg 300w, https:\/\/danone.sk\/web\/wp-content\/uploads\/sites\/6\/2020\/12\/62-scaled-1024x620.jpg 1024w, https:\/\/danone.sk\/web\/wp-content\/uploads\/sites\/6\/2020\/12\/62-scaled-1536x929.jpg 1536w, https:\/\/danone.sk\/web\/wp-content\/uploads\/sites\/6\/2020\/12\/62-scaled-2048x1239.jpg 2048w, https:\/\/danone.sk\/web\/wp-content\/uploads\/sites\/6\/2020\/12\/62-scaled-200x121.jpg 200w, https:\/\/danone.sk\/web\/wp-content\/uploads\/sites\/6\/2020\/12\/62-scaled.jpg 1920w\" sizes=\"(max-width: 768px) 100vw, 768px\" \/><\/div>\n\t\t<\/a>\n\t\t\t\t<div class=\"elementor-post__text\">\n\t\t\t\t<h2 class=\"elementor-post__title\">\n\t\t\t<a href=\"https:\/\/danone.sk\/web\/vyrobky-na-rastlinnej-baze\/co-vsetko-by-sme-mali-vediet\/\" >\n\t\t\t\t\u010co v\u0161etko by sme mali vedie\u0165?\t\t\t<\/a>\n\t\t<\/h2>\n\t\t\n\t\t<a class=\"elementor-post__read-more\" href=\"https:\/\/danone.sk\/web\/vyrobky-na-rastlinnej-baze\/co-vsetko-by-sme-mali-vediet\/\" aria-label=\"Read more about \u010co v\u0161etko by sme mali vedie\u0165?\" tabindex=\"-1\" >\n\t\t\tZobrazi\u0165 viac\t\t<\/a>\n\n\t\t\t\t<\/div>\n\t\t\t\t<\/article>\n\t\t\t\t<article class=\"elementor-post elementor-grid-item post-192748 page type-page status-publish has-post-thumbnail hentry\" role=\"listitem\">\n\t\t\t\t<a class=\"elementor-post__thumbnail__link\" href=\"https:\/\/danone.sk\/web\/vyrobky-na-rastlinnej-baze\/vyrobky-na-rastinnej-baze-vo-vyzive\/\" tabindex=\"-1\" >\n\t\t\t<div class=\"elementor-post__thumbnail\"><img decoding=\"async\" width=\"768\" height=\"368\" src=\"https:\/\/danone.sk\/web\/wp-content\/uploads\/sites\/6\/2020\/12\/63-scaled-768x368.jpg\" class=\"attachment-medium_large size-medium_large wp-image-192898\" alt=\"\" srcset=\"https:\/\/danone.sk\/web\/wp-content\/uploads\/sites\/6\/2020\/12\/63-scaled-768x368.jpg 768w, https:\/\/danone.sk\/web\/wp-content\/uploads\/sites\/6\/2020\/12\/63-scaled-300x144.jpg 300w, https:\/\/danone.sk\/web\/wp-content\/uploads\/sites\/6\/2020\/12\/63-scaled-1024x490.jpg 1024w, https:\/\/danone.sk\/web\/wp-content\/uploads\/sites\/6\/2020\/12\/63-scaled-1536x735.jpg 1536w, https:\/\/danone.sk\/web\/wp-content\/uploads\/sites\/6\/2020\/12\/63-scaled-2048x980.jpg 2048w, https:\/\/danone.sk\/web\/wp-content\/uploads\/sites\/6\/2020\/12\/63-scaled-200x96.jpg 200w, https:\/\/danone.sk\/web\/wp-content\/uploads\/sites\/6\/2020\/12\/63-scaled.jpg 1920w\" sizes=\"(max-width: 768px) 100vw, 768px\" \/><\/div>\n\t\t<\/a>\n\t\t\t\t<div class=\"elementor-post__text\">\n\t\t\t\t<h2 class=\"elementor-post__title\">\n\t\t\t<a href=\"https:\/\/danone.sk\/web\/vyrobky-na-rastlinnej-baze\/vyrobky-na-rastinnej-baze-vo-vyzive\/\" >\n\t\t\t\tV\u00fdrobky na rastlinnej b\u00e1ze vo v\u00fd\u017eive\t\t\t<\/a>\n\t\t<\/h2>\n\t\t\n\t\t<a class=\"elementor-post__read-more\" href=\"https:\/\/danone.sk\/web\/vyrobky-na-rastlinnej-baze\/vyrobky-na-rastinnej-baze-vo-vyzive\/\" aria-label=\"Read more about V\u00fdrobky na rastlinnej b\u00e1ze vo v\u00fd\u017eive\" tabindex=\"-1\" >\n\t\t\tZobrazi\u0165 viac\t\t<\/a>\n\n\t\t\t\t<\/div>\n\t\t\t\t<\/article>\n\t\t\t\t<article class=\"elementor-post elementor-grid-item post-192753 page type-page status-publish has-post-thumbnail hentry\" role=\"listitem\">\n\t\t\t\t<a class=\"elementor-post__thumbnail__link\" href=\"https:\/\/danone.sk\/web\/vyrobky-na-rastlinnej-baze\/vyrobky-na-rastlinnej-baze-a-ludske-telo\/\" tabindex=\"-1\" >\n\t\t\t<div class=\"elementor-post__thumbnail\"><img decoding=\"async\" width=\"768\" height=\"467\" src=\"https:\/\/danone.sk\/web\/wp-content\/uploads\/sites\/6\/2020\/12\/64-scaled-768x467.jpg\" class=\"attachment-medium_large size-medium_large wp-image-192897\" alt=\"\" srcset=\"https:\/\/danone.sk\/web\/wp-content\/uploads\/sites\/6\/2020\/12\/64-scaled-768x467.jpg 768w, https:\/\/danone.sk\/web\/wp-content\/uploads\/sites\/6\/2020\/12\/64-scaled-300x182.jpg 300w, https:\/\/danone.sk\/web\/wp-content\/uploads\/sites\/6\/2020\/12\/64-scaled-1024x623.jpg 1024w, https:\/\/danone.sk\/web\/wp-content\/uploads\/sites\/6\/2020\/12\/64-scaled-1536x934.jpg 1536w, https:\/\/danone.sk\/web\/wp-content\/uploads\/sites\/6\/2020\/12\/64-scaled-2048x1246.jpg 2048w, https:\/\/danone.sk\/web\/wp-content\/uploads\/sites\/6\/2020\/12\/64-scaled-200x122.jpg 200w, https:\/\/danone.sk\/web\/wp-content\/uploads\/sites\/6\/2020\/12\/64-scaled.jpg 1920w\" sizes=\"(max-width: 768px) 100vw, 768px\" \/><\/div>\n\t\t<\/a>\n\t\t\t\t<div class=\"elementor-post__text\">\n\t\t\t\t<h2 class=\"elementor-post__title\">\n\t\t\t<a href=\"https:\/\/danone.sk\/web\/vyrobky-na-rastlinnej-baze\/vyrobky-na-rastlinnej-baze-a-ludske-telo\/\" >\n\t\t\t\tV\u00fdrobky na rastlinnej b\u00e1ze a \u013eudsk\u00e9 telo\t\t\t<\/a>\n\t\t<\/h2>\n\t\t\n\t\t<a class=\"elementor-post__read-more\" href=\"https:\/\/danone.sk\/web\/vyrobky-na-rastlinnej-baze\/vyrobky-na-rastlinnej-baze-a-ludske-telo\/\" aria-label=\"Read more about V\u00fdrobky na rastlinnej b\u00e1ze a \u013eudsk\u00e9 telo\" tabindex=\"-1\" >\n\t\t\tZobrazi\u0165 viac\t\t<\/a>\n\n\t\t\t\t<\/div>\n\t\t\t\t<\/article>\n\t\t\t\t<article class=\"elementor-post elementor-grid-item post-192759 page type-page status-publish has-post-thumbnail hentry\" role=\"listitem\">\n\t\t\t\t<a class=\"elementor-post__thumbnail__link\" href=\"https:\/\/danone.sk\/web\/vyrobky-na-rastlinnej-baze\/myty-a-fakty-o-vyrobkoch-na-rastlinnej-baze\/\" tabindex=\"-1\" >\n\t\t\t<div class=\"elementor-post__thumbnail\"><img loading=\"lazy\" decoding=\"async\" width=\"768\" height=\"768\" src=\"https:\/\/danone.sk\/web\/wp-content\/uploads\/sites\/6\/2020\/12\/65-768x768.png\" class=\"attachment-medium_large size-medium_large wp-image-193027\" alt=\"\" srcset=\"https:\/\/danone.sk\/web\/wp-content\/uploads\/sites\/6\/2020\/12\/65-768x768.png 768w, https:\/\/danone.sk\/web\/wp-content\/uploads\/sites\/6\/2020\/12\/65-300x300.png 300w, https:\/\/danone.sk\/web\/wp-content\/uploads\/sites\/6\/2020\/12\/65-1024x1024.png 1024w, https:\/\/danone.sk\/web\/wp-content\/uploads\/sites\/6\/2020\/12\/65-150x150.png 150w, https:\/\/danone.sk\/web\/wp-content\/uploads\/sites\/6\/2020\/12\/65-200x200.png 200w, https:\/\/danone.sk\/web\/wp-content\/uploads\/sites\/6\/2020\/12\/65.png 1200w\" sizes=\"(max-width: 768px) 100vw, 768px\" \/><\/div>\n\t\t<\/a>\n\t\t\t\t<div class=\"elementor-post__text\">\n\t\t\t\t<h2 class=\"elementor-post__title\">\n\t\t\t<a href=\"https:\/\/danone.sk\/web\/vyrobky-na-rastlinnej-baze\/myty-a-fakty-o-vyrobkoch-na-rastlinnej-baze\/\" >\n\t\t\t\tM\u00fdty a fakty o v\u00fdrobkoch na rastlinnej b\u00e1ze\t\t\t<\/a>\n\t\t<\/h2>\n\t\t\n\t\t<a class=\"elementor-post__read-more\" href=\"https:\/\/danone.sk\/web\/vyrobky-na-rastlinnej-baze\/myty-a-fakty-o-vyrobkoch-na-rastlinnej-baze\/\" aria-label=\"Read more about M\u00fdty a fakty o v\u00fdrobkoch na rastlinnej b\u00e1ze\" tabindex=\"-1\" >\n\t\t\tZobrazi\u0165 viac\t\t<\/a>\n\n\t\t\t\t<\/div>\n\t\t\t\t<\/article>\n\t\t\t\t<\/div>\n\t\t\n\t\t\t\t\t\t<\/div>\n\t\t\t\t<\/div>\n\t\t\t\t\t<\/div>\n\t\t<\/div>\n\t\t\t\t\t<\/div>\n\t\t<\/section>\n\t\t\t\t<section class=\"elementor-section elementor-top-section elementor-element elementor-element-a647ada elementor-section-boxed elementor-section-height-default elementor-section-height-default\" data-id=\"a647ada\" data-element_type=\"section\">\n\t\t\t\t\t\t<div class=\"elementor-container elementor-column-gap-default\">\n\t\t\t\t\t<div class=\"elementor-column elementor-col-100 elementor-top-column elementor-element elementor-element-74b55ef\" data-id=\"74b55ef\" data-element_type=\"column\">\n\t\t\t<div class=\"elementor-widget-wrap elementor-element-populated\">\n\t\t\t\t\t\t<div class=\"elementor-element elementor-element-5a35f31 elementor-widget elementor-widget-spacer\" data-id=\"5a35f31\" data-element_type=\"widget\" data-widget_type=\"spacer.default\">\n\t\t\t\t<div class=\"elementor-widget-container\">\n\t\t\t\t\t\t\t<div class=\"elementor-spacer\">\n\t\t\t<div class=\"elementor-spacer-inner\"><\/div>\n\t\t<\/div>\n\t\t\t\t\t\t<\/div>\n\t\t\t\t<\/div>\n\t\t\t\t\t<\/div>\n\t\t<\/div>\n\t\t\t\t\t<\/div>\n\t\t<\/section>\n\t\t\t\t<section class=\"elementor-section elementor-top-section elementor-element elementor-element-f28b11b elementor-section-boxed elementor-section-height-default elementor-section-height-default\" data-id=\"f28b11b\" data-element_type=\"section\">\n\t\t\t\t\t\t<div class=\"elementor-container elementor-column-gap-default\">\n\t\t\t\t\t<div class=\"elementor-column elementor-col-100 elementor-top-column elementor-element elementor-element-8b6c644\" data-id=\"8b6c644\" data-element_type=\"column\">\n\t\t\t<div class=\"elementor-widget-wrap elementor-element-populated\">\n\t\t\t\t\t\t<div class=\"elementor-element elementor-element-b1e9379 elementor-widget elementor-widget-heading\" data-id=\"b1e9379\" data-element_type=\"widget\" data-widget_type=\"heading.default\">\n\t\t\t\t<div class=\"elementor-widget-container\">\n\t\t\t\t\t<h2 class=\"elementor-heading-title elementor-size-default\">Na\u0161e rastlinn\u00e9 produkty<\/h2>\t\t\t\t<\/div>\n\t\t\t\t<\/div>\n\t\t\t\t\t<\/div>\n\t\t<\/div>\n\t\t\t\t\t<\/div>\n\t\t<\/section>\n\t\t\t\t<section class=\"elementor-section elementor-top-section elementor-element elementor-element-b3458c6 safari-fix-bg elementor-section-boxed elementor-section-height-default elementor-section-height-default elementor-invisible\" data-id=\"b3458c6\" data-element_type=\"section\" data-settings=\"{&quot;background_background&quot;:&quot;gradient&quot;,&quot;animation&quot;:&quot;fadeIn&quot;}\">\n\t\t\t\t\t\t<div class=\"elementor-container elementor-column-gap-default\">\n\t\t\t\t\t<div class=\"elementor-column elementor-col-100 elementor-top-column elementor-element elementor-element-95081fb\" data-id=\"95081fb\" data-element_type=\"column\">\n\t\t\t<div class=\"elementor-widget-wrap elementor-element-populated\">\n\t\t\t\t\t\t\t<\/div>\n\t\t<\/div>\n\t\t\t\t\t<\/div>\n\t\t<\/section>\n\t\t\t\t<section class=\"elementor-section elementor-top-section elementor-element elementor-element-9229c56 elementor-section-boxed elementor-section-height-default elementor-section-height-default\" data-id=\"9229c56\" data-element_type=\"section\">\n\t\t\t\t\t\t<div class=\"elementor-container elementor-column-gap-default\">\n\t\t\t\t\t<div class=\"elementor-column elementor-col-100 elementor-top-column elementor-element elementor-element-c45849d\" data-id=\"c45849d\" data-element_type=\"column\">\n\t\t\t<div class=\"elementor-widget-wrap elementor-element-populated\">\n\t\t\t\t\t\t<div class=\"elementor-element elementor-element-1198028 elementor-widget elementor-widget-spacer\" data-id=\"1198028\" data-element_type=\"widget\" data-widget_type=\"spacer.default\">\n\t\t\t\t<div class=\"elementor-widget-container\">\n\t\t\t\t\t\t\t<div class=\"elementor-spacer\">\n\t\t\t<div class=\"elementor-spacer-inner\"><\/div>\n\t\t<\/div>\n\t\t\t\t\t\t<\/div>\n\t\t\t\t<\/div>\n\t\t\t\t\t<\/div>\n\t\t<\/div>\n\t\t\t\t\t<\/div>\n\t\t<\/section>\n\t\t\t\t<\/div>\n\t\t","protected":false},"excerpt":{"rendered":"<p>V\u00fdrobky na rastlinnej b\u00e1ze Na\u0161e rastlinn\u00e9 produkty<\/p>\n","protected":false},"author":1,"featured_media":0,"parent":0,"menu_order":0,"comment_status":"closed","ping_status":"closed","template":"","meta":{"footnotes":""},"class_list":["post-192732","page","type-page","status-publish","hentry"],"acf":[],"_links":{"self":[{"href":"https:\/\/danone.sk\/web\/wp-json\/wp\/v2\/pages\/192732","targetHints":{"allow":["GET"]}}],"collection":[{"href":"https:\/\/danone.sk\/web\/wp-json\/wp\/v2\/pages"}],"about":[{"href":"https:\/\/danone.sk\/web\/wp-json\/wp\/v2\/types\/page"}],"author":[{"embeddable":true,"href":"https:\/\/danone.sk\/web\/wp-json\/wp\/v2\/users\/1"}],"replies":[{"embeddable":true,"href":"https:\/\/danone.sk\/web\/wp-json\/wp\/v2\/comments?post=192732"}],"version-history":[{"count":5,"href":"https:\/\/danone.sk\/web\/wp-json\/wp\/v2\/pages\/192732\/revisions"}],"predecessor-version":[{"id":193056,"href":"https:\/\/danone.sk\/web\/wp-json\/wp\/v2\/pages\/192732\/revisions\/193056"}],"wp:attachment":[{"href":"https:\/\/danone.sk\/web\/wp-json\/wp\/v2\/media?parent=192732"}],"curies":[{"name":"wp","href":"https:\/\/api.w.org\/{rel}","templated":true}]}}