{"id":192734,"date":"2020-12-16T18:25:23","date_gmt":"2020-12-16T17:25:23","guid":{"rendered":"https:\/\/danone-edp.test\/?page_id=192734"},"modified":"2020-12-28T01:42:36","modified_gmt":"2020-12-28T00:42:36","slug":"co-vsetko-by-sme-mali-vediet","status":"publish","type":"page","link":"https:\/\/danone.sk\/web\/vyrobky-na-rastlinnej-baze\/co-vsetko-by-sme-mali-vediet\/","title":{"rendered":"\u010co v\u0161etko by sme mali vedie\u0165?"},"content":{"rendered":"\t\t<div data-elementor-type=\"wp-post\" data-elementor-id=\"192734\" class=\"elementor elementor-192734\" data-elementor-post-type=\"page\">\n\t\t\t\t\t\t<section class=\"elementor-section elementor-top-section elementor-element elementor-element-372b9253 elementor-section-boxed elementor-section-height-default elementor-section-height-default\" data-id=\"372b9253\" data-element_type=\"section\">\n\t\t\t\t\t\t<div class=\"elementor-container elementor-column-gap-default\">\n\t\t\t\t\t<div class=\"elementor-column elementor-col-100 elementor-top-column elementor-element elementor-element-25749851\" data-id=\"25749851\" data-element_type=\"column\">\n\t\t\t<div class=\"elementor-widget-wrap elementor-element-populated\">\n\t\t\t\t\t\t<div class=\"elementor-element elementor-element-295e02dd elementor-widget elementor-widget-heading\" data-id=\"295e02dd\" data-element_type=\"widget\" data-widget_type=\"heading.default\">\n\t\t\t\t<div class=\"elementor-widget-container\">\n\t\t\t\t\t<h1 class=\"elementor-heading-title elementor-size-default\">\u010co v\u0161etko by sme mali vedie\u0165?<\/h1>\t\t\t\t<\/div>\n\t\t\t\t<\/div>\n\t\t\t\t\t<\/div>\n\t\t<\/div>\n\t\t\t\t\t<\/div>\n\t\t<\/section>\n\t\t\t\t<section class=\"elementor-section elementor-top-section elementor-element elementor-element-47598f4f elementor-section-boxed elementor-section-height-default elementor-section-height-default\" data-id=\"47598f4f\" data-element_type=\"section\">\n\t\t\t\t\t\t<div class=\"elementor-container elementor-column-gap-default\">\n\t\t\t\t\t<div class=\"elementor-column elementor-col-100 elementor-top-column elementor-element elementor-element-650790bf\" data-id=\"650790bf\" data-element_type=\"column\">\n\t\t\t<div class=\"elementor-widget-wrap elementor-element-populated\">\n\t\t\t\t\t\t<section class=\"elementor-section elementor-inner-section elementor-element elementor-element-427d49c5 elementor-section-content-middle elementor-reverse-mobile elementor-section-boxed elementor-section-height-default elementor-section-height-default\" data-id=\"427d49c5\" data-element_type=\"section\">\n\t\t\t\t\t\t<div class=\"elementor-container elementor-column-gap-wide\">\n\t\t\t\t\t<div class=\"elementor-column elementor-col-50 elementor-inner-column elementor-element elementor-element-1a9db76d elementor-invisible\" data-id=\"1a9db76d\" data-element_type=\"column\" data-settings=\"{&quot;animation&quot;:&quot;fadeInLeft&quot;}\">\n\t\t\t<div class=\"elementor-widget-wrap elementor-element-populated\">\n\t\t\t\t\t\t<div class=\"elementor-element elementor-element-7ae957a elementor-widget elementor-widget-image\" data-id=\"7ae957a\" data-element_type=\"widget\" data-fancybox=\"image\" data-widget_type=\"image.default\">\n\t\t\t\t<div class=\"elementor-widget-container\">\n\t\t\t\t\t\t\t\t\t\t\t\t\t\t\t<img fetchpriority=\"high\" decoding=\"async\" width=\"394\" height=\"394\" src=\"https:\/\/danone.sk\/web\/wp-content\/uploads\/sites\/6\/2020\/12\/foto-22-1.jpg\" class=\"attachment-large size-large wp-image-192740\" alt=\"\" srcset=\"https:\/\/danone.sk\/web\/wp-content\/uploads\/sites\/6\/2020\/12\/foto-22-1.jpg 394w, https:\/\/danone.sk\/web\/wp-content\/uploads\/sites\/6\/2020\/12\/foto-22-1-300x300.jpg 300w, https:\/\/danone.sk\/web\/wp-content\/uploads\/sites\/6\/2020\/12\/foto-22-1-150x150.jpg 150w, https:\/\/danone.sk\/web\/wp-content\/uploads\/sites\/6\/2020\/12\/foto-22-1-200x200.jpg 200w\" sizes=\"(max-width: 394px) 100vw, 394px\" \/>\t\t\t\t\t\t\t\t\t\t\t\t\t\t\t<\/div>\n\t\t\t\t<\/div>\n\t\t\t\t\t<\/div>\n\t\t<\/div>\n\t\t\t\t<div class=\"elementor-column elementor-col-50 elementor-inner-column elementor-element elementor-element-e60237c\" data-id=\"e60237c\" data-element_type=\"column\">\n\t\t\t<div class=\"elementor-widget-wrap elementor-element-populated\">\n\t\t\t\t\t\t<div class=\"elementor-element elementor-element-47a6b3fe elementor-widget elementor-widget-text-editor\" data-id=\"47a6b3fe\" data-element_type=\"widget\" data-widget_type=\"text-editor.default\">\n\t\t\t\t<div class=\"elementor-widget-container\">\n\t\t\t\t\t\t\t\t\t<p><span style=\"font-weight: 400\">V\u00fdrobky na rastlinnej b\u00e1ze s\u00fa v\u00fdborn\u00fdm sp\u00f4sobom, ako si spestri\u0165 jed\u00e1lni\u010dek a spravi\u0165 nie\u010do pre seba aj pre na\u0161u plan\u00e9tu. V na\u0161om portf\u00f3liu n\u00e1jdete v\u00fdrobky na rastlinnej b\u00e1ze vo forme n\u00e1pojov, rastlinn\u00fdch jogurtov, rastlinnej alternat\u00edvy smotany, \u010di dezertov alebo zmrzliny.\u00a0\u00a0<\/span><\/p><p><span style=\"font-weight: 400\">Ako z\u00e1kladn\u00e9 suroviny pri ich v\u00fdrobe pou\u017e\u00edvame s\u00f3ju, ovos, ry\u017eu, kokos, mandle a lieskov\u00e9 aj ke\u0161u orie\u0161ky.<\/span><\/p>\t\t\t\t\t\t\t\t<\/div>\n\t\t\t\t<\/div>\n\t\t\t\t\t<\/div>\n\t\t<\/div>\n\t\t\t\t\t<\/div>\n\t\t<\/section>\n\t\t\t\t\t<\/div>\n\t\t<\/div>\n\t\t\t\t\t<\/div>\n\t\t<\/section>\n\t\t\t\t<section class=\"elementor-section elementor-top-section elementor-element elementor-element-163d1857 elementor-section-boxed elementor-section-height-default elementor-section-height-default\" data-id=\"163d1857\" data-element_type=\"section\">\n\t\t\t\t\t\t<div class=\"elementor-container elementor-column-gap-default\">\n\t\t\t\t\t<div class=\"elementor-column elementor-col-100 elementor-top-column elementor-element elementor-element-172fa287\" data-id=\"172fa287\" data-element_type=\"column\">\n\t\t\t<div class=\"elementor-widget-wrap elementor-element-populated\">\n\t\t\t\t\t\t<section class=\"elementor-section elementor-inner-section elementor-element elementor-element-1388e45a elementor-section-content-middle elementor-section-boxed elementor-section-height-default elementor-section-height-default\" data-id=\"1388e45a\" data-element_type=\"section\">\n\t\t\t\t\t\t<div class=\"elementor-container elementor-column-gap-wide\">\n\t\t\t\t\t<div class=\"elementor-column elementor-col-50 elementor-inner-column elementor-element elementor-element-2f139a23\" data-id=\"2f139a23\" data-element_type=\"column\">\n\t\t\t<div class=\"elementor-widget-wrap elementor-element-populated\">\n\t\t\t\t\t\t<div class=\"elementor-element elementor-element-1298a1c7 elementor-widget elementor-widget-text-editor\" data-id=\"1298a1c7\" data-element_type=\"widget\" data-widget_type=\"text-editor.default\">\n\t\t\t\t<div class=\"elementor-widget-container\">\n\t\t\t\t\t\t\t\t\t<p><span style=\"font-weight: 400\">Aj pri v\u00fdrobe produktov na rastlinnej b\u00e1ze kladieme d\u00f4raz na nap\u013a\u0148anie najpr\u00edsnej\u0161\u00edch \u0161tandardov kvality a na o\u010dak\u00e1vania na\u0161ich spotrebite\u013eov. Na\u0161e produkty neobsahuj\u00fa GMO, teda geneticky modifikovan\u00e9 organizmy.<\/span><\/p><p>\u00a0<\/p><p><span style=\"font-weight: 400\">Z\u00e1le\u017e\u00ed n\u00e1m aj na tom, aby sme sa spr\u00e1vali zodpovedne vo\u010di \u017eivotn\u00e9mu prostrediu, a preto db\u00e1me na to, aby na\u0161i dod\u00e1vatelia surov\u00edn dodr\u017eiavali etick\u00fd k\u00f3dex, a aby ingrediencie, ktor\u00e9 pou\u017e\u00edvame v na\u0161ich produktoch nepoch\u00e1dzali z odlesnen\u00fdch oblast\u00ed.<\/span><\/p><p><span style=\"font-weight: 400\">V\u00fdhodou produktov na rastlinnej b\u00e1ze je, \u017ee pestovanie surov\u00edn, z ktor\u00fdch sa vyr\u00e1baj\u00fa, je menej n\u00e1ro\u010dn\u00e9 na p\u00f4du, vodu a m\u00e1 ni\u017e\u0161ie emisie uhl\u00edka, ako \u017eivo\u010d\u00ed\u0161na v\u00fdroba. Pri zbere surov\u00edn sa pou\u017e\u00edva \u010do najmenej vody a recykl\u00e1cia sa vyu\u017e\u00edva v\u0161ade, kde je to mo\u017en\u00e9.\u00a0<\/span><\/p><p><span style=\"font-weight: 400\">Usilujeme sa o lok\u00e1lne zdroje surov\u00edn. V\u010faka vedeck\u00e9mu v\u00fdskumu sme dok\u00e1zali vybra\u0165 spr\u00e1vne odrody a techniky na pestovanie subtropickej plodiny s\u00f3je v relat\u00edvne chladn\u00fdch krajin\u00e1ch, ak\u00fdmi s\u00fa Belgicko a Holandsko.<\/span><\/p><p><span style=\"font-weight: 400\">\u00a0<\/span><\/p>\t\t\t\t\t\t\t\t<\/div>\n\t\t\t\t<\/div>\n\t\t\t\t\t<\/div>\n\t\t<\/div>\n\t\t\t\t<div class=\"elementor-column elementor-col-50 elementor-inner-column elementor-element elementor-element-1be1db3b elementor-invisible\" data-id=\"1be1db3b\" data-element_type=\"column\" data-settings=\"{&quot;animation&quot;:&quot;fadeInRight&quot;}\">\n\t\t\t<div class=\"elementor-widget-wrap elementor-element-populated\">\n\t\t\t\t\t\t<div class=\"elementor-element elementor-element-982e806 elementor-widget elementor-widget-image\" data-id=\"982e806\" data-element_type=\"widget\" data-fancybox=\"image\" data-widget_type=\"image.default\">\n\t\t\t\t<div class=\"elementor-widget-container\">\n\t\t\t\t\t\t\t\t\t\t\t\t\t\t\t<img decoding=\"async\" width=\"788\" height=\"788\" src=\"https:\/\/danone.sk\/web\/wp-content\/uploads\/sites\/6\/2020\/12\/foto-23-1.jpg\" class=\"attachment-large size-large wp-image-192743\" alt=\"\" srcset=\"https:\/\/danone.sk\/web\/wp-content\/uploads\/sites\/6\/2020\/12\/foto-23-1.jpg 788w, https:\/\/danone.sk\/web\/wp-content\/uploads\/sites\/6\/2020\/12\/foto-23-1-300x300.jpg 300w, https:\/\/danone.sk\/web\/wp-content\/uploads\/sites\/6\/2020\/12\/foto-23-1-150x150.jpg 150w, https:\/\/danone.sk\/web\/wp-content\/uploads\/sites\/6\/2020\/12\/foto-23-1-768x768.jpg 768w, https:\/\/danone.sk\/web\/wp-content\/uploads\/sites\/6\/2020\/12\/foto-23-1-200x200.jpg 200w\" sizes=\"(max-width: 788px) 100vw, 788px\" \/>\t\t\t\t\t\t\t\t\t\t\t\t\t\t\t<\/div>\n\t\t\t\t<\/div>\n\t\t\t\t\t<\/div>\n\t\t<\/div>\n\t\t\t\t\t<\/div>\n\t\t<\/section>\n\t\t\t\t\t<\/div>\n\t\t<\/div>\n\t\t\t\t\t<\/div>\n\t\t<\/section>\n\t\t\t\t<section class=\"elementor-section elementor-top-section elementor-element elementor-element-f35aa1f elementor-section-boxed elementor-section-height-default elementor-section-height-default\" data-id=\"f35aa1f\" data-element_type=\"section\">\n\t\t\t\t\t\t<div class=\"elementor-container elementor-column-gap-default\">\n\t\t\t\t\t<div class=\"elementor-column elementor-col-100 elementor-top-column elementor-element elementor-element-ae99084\" data-id=\"ae99084\" data-element_type=\"column\">\n\t\t\t<div class=\"elementor-widget-wrap elementor-element-populated\">\n\t\t\t\t\t\t<div class=\"elementor-element elementor-element-916d8f9 elementor-widget elementor-widget-spacer\" data-id=\"916d8f9\" data-element_type=\"widget\" data-widget_type=\"spacer.default\">\n\t\t\t\t<div class=\"elementor-widget-container\">\n\t\t\t\t\t\t\t<div class=\"elementor-spacer\">\n\t\t\t<div class=\"elementor-spacer-inner\"><\/div>\n\t\t<\/div>\n\t\t\t\t\t\t<\/div>\n\t\t\t\t<\/div>\n\t\t\t\t\t<\/div>\n\t\t<\/div>\n\t\t\t\t\t<\/div>\n\t\t<\/section>\n\t\t\t\t<section class=\"elementor-section elementor-top-section elementor-element elementor-element-0e0a8a6 elementor-section-boxed elementor-section-height-default elementor-section-height-default\" data-id=\"0e0a8a6\" data-element_type=\"section\">\n\t\t\t\t\t\t<div class=\"elementor-container elementor-column-gap-default\">\n\t\t\t\t\t<div class=\"elementor-column elementor-col-100 elementor-top-column elementor-element elementor-element-08ddd32\" data-id=\"08ddd32\" data-element_type=\"column\">\n\t\t\t<div class=\"elementor-widget-wrap elementor-element-populated\">\n\t\t\t\t\t\t<div class=\"elementor-element elementor-element-03e6220 elementor-widget elementor-widget-heading\" data-id=\"03e6220\" data-element_type=\"widget\" data-widget_type=\"heading.default\">\n\t\t\t\t<div class=\"elementor-widget-container\">\n\t\t\t\t\t<h2 class=\"elementor-heading-title elementor-size-default\">Na\u0161e rastlinn\u00e9 produkty<\/h2>\t\t\t\t<\/div>\n\t\t\t\t<\/div>\n\t\t\t\t\t<\/div>\n\t\t<\/div>\n\t\t\t\t\t<\/div>\n\t\t<\/section>\n\t\t\t\t<section class=\"elementor-section elementor-top-section elementor-element elementor-element-5c9a15b safari-fix-bg elementor-section-boxed elementor-section-height-default elementor-section-height-default elementor-invisible\" data-id=\"5c9a15b\" data-element_type=\"section\" data-settings=\"{&quot;background_background&quot;:&quot;gradient&quot;,&quot;animation&quot;:&quot;fadeIn&quot;}\">\n\t\t\t\t\t\t<div class=\"elementor-container elementor-column-gap-default\">\n\t\t\t\t\t<div class=\"elementor-column elementor-col-100 elementor-top-column elementor-element elementor-element-8839f36\" data-id=\"8839f36\" data-element_type=\"column\">\n\t\t\t<div class=\"elementor-widget-wrap elementor-element-populated\">\n\t\t\t\t\t\t\t<\/div>\n\t\t<\/div>\n\t\t\t\t\t<\/div>\n\t\t<\/section>\n\t\t\t\t<\/div>\n\t\t","protected":false},"excerpt":{"rendered":"<p>\u010co v\u0161etko by sme mali vedie\u0165? V\u00fdrobky na rastlinnej b\u00e1ze s\u00fa v\u00fdborn\u00fdm sp\u00f4sobom, ako si spestri\u0165 jed\u00e1lni\u010dek a spravi\u0165 nie\u010do pre seba aj pre na\u0161u plan\u00e9tu. V na\u0161om portf\u00f3liu n\u00e1jdete v\u00fdrobky na rastlinnej b\u00e1ze vo forme n\u00e1pojov, rastlinn\u00fdch jogurtov, rastlinnej alternat\u00edvy smotany, \u010di dezertov alebo zmrzliny.\u00a0\u00a0 Ako z\u00e1kladn\u00e9 suroviny pri ich v\u00fdrobe pou\u017e\u00edvame s\u00f3ju, ovos, [&hellip;]<\/p>\n","protected":false},"author":1,"featured_media":192895,"parent":192732,"menu_order":0,"comment_status":"open","ping_status":"closed","template":"","meta":{"footnotes":""},"class_list":["post-192734","page","type-page","status-publish","has-post-thumbnail","hentry"],"acf":[],"_links":{"self":[{"href":"https:\/\/danone.sk\/web\/wp-json\/wp\/v2\/pages\/192734","targetHints":{"allow":["GET"]}}],"collection":[{"href":"https:\/\/danone.sk\/web\/wp-json\/wp\/v2\/pages"}],"about":[{"href":"https:\/\/danone.sk\/web\/wp-json\/wp\/v2\/types\/page"}],"author":[{"embeddable":true,"href":"https:\/\/danone.sk\/web\/wp-json\/wp\/v2\/users\/1"}],"replies":[{"embeddable":true,"href":"https:\/\/danone.sk\/web\/wp-json\/wp\/v2\/comments?post=192734"}],"version-history":[{"count":5,"href":"https:\/\/danone.sk\/web\/wp-json\/wp\/v2\/pages\/192734\/revisions"}],"predecessor-version":[{"id":193030,"href":"https:\/\/danone.sk\/web\/wp-json\/wp\/v2\/pages\/192734\/revisions\/193030"}],"up":[{"embeddable":true,"href":"https:\/\/danone.sk\/web\/wp-json\/wp\/v2\/pages\/192732"}],"wp:featuredmedia":[{"embeddable":true,"href":"https:\/\/danone.sk\/web\/wp-json\/wp\/v2\/media\/192895"}],"wp:attachment":[{"href":"https:\/\/danone.sk\/web\/wp-json\/wp\/v2\/media?parent=192734"}],"curies":[{"name":"wp","href":"https:\/\/api.w.org\/{rel}","templated":true}]}}