{"id":192748,"date":"2020-12-16T18:34:07","date_gmt":"2020-12-16T17:34:07","guid":{"rendered":"https:\/\/danone-edp.test\/?page_id=192748"},"modified":"2021-01-20T16:39:05","modified_gmt":"2021-01-20T15:39:05","slug":"vyrobky-na-rastinnej-baze-vo-vyzive","status":"publish","type":"page","link":"https:\/\/danone.sk\/web\/vyrobky-na-rastlinnej-baze\/vyrobky-na-rastinnej-baze-vo-vyzive\/","title":{"rendered":"V\u00fdrobky na rastlinnej b\u00e1ze vo v\u00fd\u017eive"},"content":{"rendered":"\t\t<div data-elementor-type=\"wp-post\" data-elementor-id=\"192748\" class=\"elementor elementor-192748\" data-elementor-post-type=\"page\">\n\t\t\t\t\t\t<section class=\"elementor-section elementor-top-section elementor-element elementor-element-372b9253 elementor-section-boxed elementor-section-height-default elementor-section-height-default\" data-id=\"372b9253\" data-element_type=\"section\">\n\t\t\t\t\t\t<div class=\"elementor-container elementor-column-gap-default\">\n\t\t\t\t\t<div class=\"elementor-column elementor-col-100 elementor-top-column elementor-element elementor-element-25749851\" data-id=\"25749851\" data-element_type=\"column\">\n\t\t\t<div class=\"elementor-widget-wrap elementor-element-populated\">\n\t\t\t\t\t\t<div class=\"elementor-element elementor-element-295e02dd elementor-widget elementor-widget-heading\" data-id=\"295e02dd\" data-element_type=\"widget\" data-widget_type=\"heading.default\">\n\t\t\t\t<div class=\"elementor-widget-container\">\n\t\t\t\t\t<h1 class=\"elementor-heading-title elementor-size-default\">V\u00fdrobky na rastlinnej b\u00e1ze vo v\u00fd\u017eive<\/h1>\t\t\t\t<\/div>\n\t\t\t\t<\/div>\n\t\t\t\t\t<\/div>\n\t\t<\/div>\n\t\t\t\t\t<\/div>\n\t\t<\/section>\n\t\t\t\t<section class=\"elementor-section elementor-top-section elementor-element elementor-element-163d1857 elementor-section-boxed elementor-section-height-default elementor-section-height-default\" data-id=\"163d1857\" data-element_type=\"section\">\n\t\t\t\t\t\t<div class=\"elementor-container elementor-column-gap-default\">\n\t\t\t\t\t<div class=\"elementor-column elementor-col-100 elementor-top-column elementor-element elementor-element-172fa287\" data-id=\"172fa287\" data-element_type=\"column\">\n\t\t\t<div class=\"elementor-widget-wrap elementor-element-populated\">\n\t\t\t\t\t\t<section class=\"elementor-section elementor-inner-section elementor-element elementor-element-1388e45a elementor-section-content-middle elementor-section-boxed elementor-section-height-default elementor-section-height-default\" data-id=\"1388e45a\" data-element_type=\"section\">\n\t\t\t\t\t\t<div class=\"elementor-container elementor-column-gap-wide\">\n\t\t\t\t\t<div class=\"elementor-column elementor-col-100 elementor-inner-column elementor-element elementor-element-2f139a23\" data-id=\"2f139a23\" data-element_type=\"column\">\n\t\t\t<div class=\"elementor-widget-wrap elementor-element-populated\">\n\t\t\t\t\t\t<div class=\"elementor-element elementor-element-55dc9a43 elementor-widget elementor-widget-heading\" data-id=\"55dc9a43\" data-element_type=\"widget\" data-widget_type=\"heading.default\">\n\t\t\t\t<div class=\"elementor-widget-container\">\n\t\t\t\t\t<h5 class=\"elementor-heading-title elementor-size-default\">Produkty na rastlinnej b\u00e1ze by mali by\u0165 s\u00fa\u010das\u0165ou n\u00e1\u0161ho ka\u017edodenn\u00e9ho stravovania<\/h5>\t\t\t\t<\/div>\n\t\t\t\t<\/div>\n\t\t\t\t<div class=\"elementor-element elementor-element-1298a1c7 elementor-widget elementor-widget-text-editor\" data-id=\"1298a1c7\" data-element_type=\"widget\" data-widget_type=\"text-editor.default\">\n\t\t\t\t<div class=\"elementor-widget-container\">\n\t\t\t\t\t\t\t\t\t<p><span style=\"font-weight: 400\">Pod\u013ea aktu\u00e1lnych slovensk\u00fdch v\u00fd\u017eivov\u00fdch odpor\u00fa\u010dan\u00ed s\u00fa produkty na rastlinnej b\u00e1ze vhodn\u00fdm spestren\u00edm ka\u017edodenn\u00e9ho jed\u00e1lni\u010dka a\u00a0alternat\u00edvou k\u00a0mlie\u010dnych v\u00fdrobkom.\u00a0 Denne by sme mali skonzumova\u0165 2-3 porcie mlie\u010dnych v\u00fdrobkov alebo produktov na rastlinnej b\u00e1ze.\u00a0<\/span><\/p><p><span style=\"font-weight: 400\">Za jednu porciu v\u00fdrobku na rastlinnej b\u00e1ze sa pova\u017euje napr\u00edklad poh\u00e1r s\u00f3jov\u00e9ho n\u00e1poja alebo kel\u00edmok rastlinn\u00e9ho fermentovan\u00e9ho v\u00fdrobku.<\/span><\/p>\t\t\t\t\t\t\t\t<\/div>\n\t\t\t\t<\/div>\n\t\t\t\t\t<\/div>\n\t\t<\/div>\n\t\t\t\t\t<\/div>\n\t\t<\/section>\n\t\t\t\t\t<\/div>\n\t\t<\/div>\n\t\t\t\t\t<\/div>\n\t\t<\/section>\n\t\t\t\t<section class=\"elementor-section elementor-top-section elementor-element elementor-element-773db4af elementor-section-boxed elementor-section-height-default elementor-section-height-default\" data-id=\"773db4af\" data-element_type=\"section\">\n\t\t\t\t\t\t<div class=\"elementor-container elementor-column-gap-default\">\n\t\t\t\t\t<div class=\"elementor-column elementor-col-100 elementor-top-column elementor-element elementor-element-28a22b83\" data-id=\"28a22b83\" data-element_type=\"column\">\n\t\t\t<div class=\"elementor-widget-wrap elementor-element-populated\">\n\t\t\t\t\t\t<section class=\"elementor-section elementor-inner-section elementor-element elementor-element-1d05a0c5 elementor-section-content-middle elementor-reverse-mobile elementor-section-boxed elementor-section-height-default elementor-section-height-default\" data-id=\"1d05a0c5\" data-element_type=\"section\">\n\t\t\t\t\t\t<div class=\"elementor-container elementor-column-gap-wide\">\n\t\t\t\t\t<div class=\"make-column-clickable-elementor elementor-column elementor-col-50 elementor-inner-column elementor-element elementor-element-5e1f8eb1 elementor-invisible\" style=\"cursor: pointer;\" data-column-clickable=\"http:\/\/www.potravinari.sk\/files\/infografika-vyznajte-sa-v-potravinach_januar-v12-digital.pdf\" data-column-clickable-blank=\"_blank\" data-id=\"5e1f8eb1\" data-element_type=\"column\" data-settings=\"{&quot;animation&quot;:&quot;fadeInLeft&quot;}\">\n\t\t\t<div class=\"elementor-widget-wrap elementor-element-populated\">\n\t\t\t\t\t\t<div class=\"elementor-element elementor-element-5ffb9436 elementor-widget elementor-widget-image\" data-id=\"5ffb9436\" data-element_type=\"widget\" data-fancybox=\"image\" data-widget_type=\"image.default\">\n\t\t\t\t<div class=\"elementor-widget-container\">\n\t\t\t\t\t\t\t\t\t\t\t\t\t\t\t<img fetchpriority=\"high\" decoding=\"async\" width=\"541\" height=\"373\" src=\"https:\/\/danone.sk\/web\/wp-content\/uploads\/sites\/6\/2020\/12\/15.png\" class=\"attachment-large size-large wp-image-192751\" alt=\"\" srcset=\"https:\/\/danone.sk\/web\/wp-content\/uploads\/sites\/6\/2020\/12\/15.png 541w, https:\/\/danone.sk\/web\/wp-content\/uploads\/sites\/6\/2020\/12\/15-300x207.png 300w, https:\/\/danone.sk\/web\/wp-content\/uploads\/sites\/6\/2020\/12\/15-200x138.png 200w\" sizes=\"(max-width: 541px) 100vw, 541px\" \/>\t\t\t\t\t\t\t\t\t\t\t\t\t\t\t<\/div>\n\t\t\t\t<\/div>\n\t\t\t\t<div class=\"elementor-element elementor-element-84282ad elementor-align-center elementor-widget elementor-widget-button\" data-id=\"84282ad\" data-element_type=\"widget\" data-widget_type=\"button.default\">\n\t\t\t\t<div class=\"elementor-widget-container\">\n\t\t\t\t\t\t\t\t\t<div class=\"elementor-button-wrapper\">\n\t\t\t\t\t<a class=\"elementor-button elementor-button-link elementor-size-sm\" href=\"http:\/\/www.potravinari.sk\/files\/infografika-vyznajte-sa-v-potravinach_januar-v12-digital.pdf%20\" target=\"_blank\">\n\t\t\t\t\t\t<span class=\"elementor-button-content-wrapper\">\n\t\t\t\t\t\t\t\t\t<span class=\"elementor-button-text\">Pre viac inform\u00e1ci\u00ed kliknite tu<\/span>\n\t\t\t\t\t<\/span>\n\t\t\t\t\t<\/a>\n\t\t\t\t<\/div>\n\t\t\t\t\t\t\t\t<\/div>\n\t\t\t\t<\/div>\n\t\t\t\t\t<\/div>\n\t\t<\/div>\n\t\t\t\t<div class=\"elementor-column elementor-col-50 elementor-inner-column elementor-element elementor-element-6320b614\" data-id=\"6320b614\" data-element_type=\"column\">\n\t\t\t<div class=\"elementor-widget-wrap elementor-element-populated\">\n\t\t\t\t\t\t<div class=\"elementor-element elementor-element-4ef13468 elementor-widget elementor-widget-heading\" data-id=\"4ef13468\" data-element_type=\"widget\" data-widget_type=\"heading.default\">\n\t\t\t\t<div class=\"elementor-widget-container\">\n\t\t\t\t\t<h5 class=\"elementor-heading-title elementor-size-default\">\u010c\u00edm produkty na rastlinnej b\u00e1ze prospievaj\u00fa n\u00e1\u0161mu organizmu?<\/h5>\t\t\t\t<\/div>\n\t\t\t\t<\/div>\n\t\t\t\t<div class=\"elementor-element elementor-element-4ba187e7 elementor-widget elementor-widget-text-editor\" data-id=\"4ba187e7\" data-element_type=\"widget\" data-widget_type=\"text-editor.default\">\n\t\t\t\t<div class=\"elementor-widget-container\">\n\t\t\t\t\t\t\t\t\t<p><span style=\"font-weight: 400\">Na\u0161e s\u00f3jov\u00e9 produkty s\u00fa skvel\u00fdm zdrojom vysoko kvalitn\u00fdch bielkov\u00edn, ktor\u00e9 prispievaj\u00fa k rastu a udr\u017eaniu svalovej hmoty. Kvalita s\u00f3jov\u00fdch bielkov\u00edn je rovnak\u00e1 ako u\u00a0bielkov\u00edn \u017eivo\u010d\u00ed\u0161neho p\u00f4vodu a vy\u0161\u0161ia ako takmer u\u00a0v\u0161etk\u00fdch ostatn\u00fdch rastlinn\u00fdch zdrojov. S\u00f3jov\u00fd prote\u00edn obsahuje v\u0161etk\u00fdch 8 esenci\u00e1lnych aminokysel\u00edn &#8211; stavebn\u00fdch blokov prote\u00ednu &#8211; v spr\u00e1vnych mno\u017estv\u00e1ch, ktor\u00e9 si organizmus nedok\u00e1\u017ee vyrobi\u0165 s\u00e1m, ale mus\u00edme ich prija\u0165 v\u00a0strave.\u00a0<\/span><\/p><p>\u00a0<\/p><p><span style=\"font-weight: 400\">N\u00e1\u0161 ovsen\u00fd n\u00e1poj Alpro je pln\u00fd vl\u00e1kniny &#8211; d\u00f4le\u017eitej zlo\u017eky na\u0161ej stravy, ktor\u00e1 prispieva k spr\u00e1vnej funkcii \u010driev.<\/span><\/p><p>\u00a0<\/p><p><span style=\"font-weight: 400\">V\u0161etky na\u0161e Alpro rastlinn\u00e9 n\u00e1poje s\u00fa lahodn\u00fdm zdrojom v\u00e1pnika, ktor\u00fd je z\u00e1kladn\u00fdm stavebn\u00fdm kame\u0148om kost\u00ed a\u00a0zubov. V\u00e1pnik v\u00a0organizme \u010dloveka reguluje enz\u00fdmy, prenos nervov\u00fdch vzruchov a\u00a0norm\u00e1lnu zr\u00e1\u017eanlivos\u0165 krvi.\u00a0 Je d\u00f4le\u017eit\u00fd pre norm\u00e1lnu funkciu svalov.\u00a0<\/span><\/p>\t\t\t\t\t\t\t\t<\/div>\n\t\t\t\t<\/div>\n\t\t\t\t\t<\/div>\n\t\t<\/div>\n\t\t\t\t\t<\/div>\n\t\t<\/section>\n\t\t\t\t<div class=\"elementor-element elementor-element-5cba8f2 elementor-widget elementor-widget-text-editor\" data-id=\"5cba8f2\" data-element_type=\"widget\" data-widget_type=\"text-editor.default\">\n\t\t\t\t<div class=\"elementor-widget-container\">\n\t\t\t\t\t\t\t\t\t<p><span style=\"font-weight: 400\">Alpro produkty s\u00fa obohaten\u00e9 o\u00a0vitam\u00edny a\u00a0miner\u00e1ly, v\u010faka \u010domu s\u00fa skvel\u00fdm zdrojom mnoh\u00fdch vitam\u00ednov B2, B12, a predov\u0161etk\u00fdm vitam\u00ednu D. Vitam\u00edny skupiny B s\u00fa nevyhnutn\u00e9 pre spr\u00e1vne fungovanie n\u00e1\u0161ho organizmu: vitam\u00edn B2 \u2013 riboflav\u00edn p\u00f4sob\u00ed blahod\u00e1rne na ko\u017eu, o\u010di a prispieva zn\u00ed\u017eeniu vy\u010derpania a\u00a0\u00fanavy a\u00a0spr\u00e1vnej l\u00e1tkovej premene \u017eeleza. Vitam\u00edn B12 \u2013 kobalam\u00edn je v\u00fdznamn\u00fd pre tvorbu \u010derven\u00fdch krviniek a\u00a0pre spr\u00e1vnu funkciu nervovej s\u00fastavy. Vitam\u00edn D pln\u00ed d\u00f4le\u017eit\u00fa funkciu pri stavbe a\u00a0raste kost\u00ed a\u00a0m\u00e1 ve\u013ek\u00fd v\u00fdznam aj pre na\u0161u imunitu.\u00a0\u00a0<\/span><\/p><p>\u00a0<\/p><p><span style=\"font-weight: 400\">V\u00a0mand\u013eovom n\u00e1poji sa nach\u00e1dza aj vit. E, ktor\u00fd p\u00f4sob\u00ed antioxida\u010dne a chr\u00e1ni bunky pred oxida\u010dn\u00fdm stresom. <\/span><\/p>\t\t\t\t\t\t\t\t<\/div>\n\t\t\t\t<\/div>\n\t\t\t\t\t<\/div>\n\t\t<\/div>\n\t\t\t\t\t<\/div>\n\t\t<\/section>\n\t\t\t\t<section class=\"elementor-section elementor-top-section elementor-element elementor-element-f35aa1f elementor-section-boxed elementor-section-height-default elementor-section-height-default\" data-id=\"f35aa1f\" data-element_type=\"section\">\n\t\t\t\t\t\t<div class=\"elementor-container elementor-column-gap-default\">\n\t\t\t\t\t<div class=\"elementor-column elementor-col-100 elementor-top-column elementor-element elementor-element-ae99084\" data-id=\"ae99084\" data-element_type=\"column\">\n\t\t\t<div class=\"elementor-widget-wrap elementor-element-populated\">\n\t\t\t\t\t\t<div class=\"elementor-element elementor-element-916d8f9 elementor-widget elementor-widget-spacer\" data-id=\"916d8f9\" data-element_type=\"widget\" data-widget_type=\"spacer.default\">\n\t\t\t\t<div class=\"elementor-widget-container\">\n\t\t\t\t\t\t\t<div class=\"elementor-spacer\">\n\t\t\t<div class=\"elementor-spacer-inner\"><\/div>\n\t\t<\/div>\n\t\t\t\t\t\t<\/div>\n\t\t\t\t<\/div>\n\t\t\t\t\t<\/div>\n\t\t<\/div>\n\t\t\t\t\t<\/div>\n\t\t<\/section>\n\t\t\t\t<section class=\"elementor-section elementor-top-section elementor-element elementor-element-0e0a8a6 elementor-section-boxed elementor-section-height-default elementor-section-height-default\" data-id=\"0e0a8a6\" data-element_type=\"section\">\n\t\t\t\t\t\t<div class=\"elementor-container elementor-column-gap-default\">\n\t\t\t\t\t<div class=\"elementor-column elementor-col-100 elementor-top-column elementor-element elementor-element-08ddd32\" data-id=\"08ddd32\" data-element_type=\"column\">\n\t\t\t<div class=\"elementor-widget-wrap elementor-element-populated\">\n\t\t\t\t\t\t<div class=\"elementor-element elementor-element-03e6220 elementor-widget elementor-widget-heading\" data-id=\"03e6220\" data-element_type=\"widget\" data-widget_type=\"heading.default\">\n\t\t\t\t<div class=\"elementor-widget-container\">\n\t\t\t\t\t<h2 class=\"elementor-heading-title elementor-size-default\">Na\u0161e rastlinn\u00e9 produkty<\/h2>\t\t\t\t<\/div>\n\t\t\t\t<\/div>\n\t\t\t\t\t<\/div>\n\t\t<\/div>\n\t\t\t\t\t<\/div>\n\t\t<\/section>\n\t\t\t\t<section class=\"elementor-section elementor-top-section elementor-element elementor-element-5c9a15b safari-fix-bg elementor-section-boxed elementor-section-height-default elementor-section-height-default elementor-invisible\" data-id=\"5c9a15b\" data-element_type=\"section\" data-settings=\"{&quot;background_background&quot;:&quot;gradient&quot;,&quot;animation&quot;:&quot;fadeIn&quot;}\">\n\t\t\t\t\t\t<div class=\"elementor-container elementor-column-gap-default\">\n\t\t\t\t\t<div class=\"elementor-column elementor-col-100 elementor-top-column elementor-element elementor-element-8839f36\" data-id=\"8839f36\" data-element_type=\"column\">\n\t\t\t<div class=\"elementor-widget-wrap elementor-element-populated\">\n\t\t\t\t\t\t\t<\/div>\n\t\t<\/div>\n\t\t\t\t\t<\/div>\n\t\t<\/section>\n\t\t\t\t<\/div>\n\t\t","protected":false},"excerpt":{"rendered":"<p>V\u00fdrobky na rastlinnej b\u00e1ze vo v\u00fd\u017eive Produkty na rastlinnej b\u00e1ze by mali by\u0165 s\u00fa\u010das\u0165ou n\u00e1\u0161ho ka\u017edodenn\u00e9ho stravovania Pod\u013ea aktu\u00e1lnych slovensk\u00fdch v\u00fd\u017eivov\u00fdch odpor\u00fa\u010dan\u00ed s\u00fa produkty na rastlinnej b\u00e1ze vhodn\u00fdm spestren\u00edm ka\u017edodenn\u00e9ho jed\u00e1lni\u010dka a&nbsp;alternat\u00edvou k&nbsp;mlie\u010dnych v\u00fdrobkom.&nbsp; Denne by sme mali skonzumova\u0165 2-3 porcie mlie\u010dnych v\u00fdrobkov alebo produktov na rastlinnej b\u00e1ze.&nbsp; Za jednu porciu v\u00fdrobku na rastlinnej b\u00e1ze [&hellip;]<\/p>\n","protected":false},"author":1,"featured_media":192898,"parent":192732,"menu_order":0,"comment_status":"open","ping_status":"closed","template":"","meta":{"footnotes":""},"class_list":["post-192748","page","type-page","status-publish","has-post-thumbnail","hentry"],"acf":[],"_links":{"self":[{"href":"https:\/\/danone.sk\/web\/wp-json\/wp\/v2\/pages\/192748","targetHints":{"allow":["GET"]}}],"collection":[{"href":"https:\/\/danone.sk\/web\/wp-json\/wp\/v2\/pages"}],"about":[{"href":"https:\/\/danone.sk\/web\/wp-json\/wp\/v2\/types\/page"}],"author":[{"embeddable":true,"href":"https:\/\/danone.sk\/web\/wp-json\/wp\/v2\/users\/1"}],"replies":[{"embeddable":true,"href":"https:\/\/danone.sk\/web\/wp-json\/wp\/v2\/comments?post=192748"}],"version-history":[{"count":5,"href":"https:\/\/danone.sk\/web\/wp-json\/wp\/v2\/pages\/192748\/revisions"}],"predecessor-version":[{"id":193146,"href":"https:\/\/danone.sk\/web\/wp-json\/wp\/v2\/pages\/192748\/revisions\/193146"}],"up":[{"embeddable":true,"href":"https:\/\/danone.sk\/web\/wp-json\/wp\/v2\/pages\/192732"}],"wp:featuredmedia":[{"embeddable":true,"href":"https:\/\/danone.sk\/web\/wp-json\/wp\/v2\/media\/192898"}],"wp:attachment":[{"href":"https:\/\/danone.sk\/web\/wp-json\/wp\/v2\/media?parent=192748"}],"curies":[{"name":"wp","href":"https:\/\/api.w.org\/{rel}","templated":true}]}}