{"id":193656,"date":"2024-12-19T11:46:50","date_gmt":"2024-12-19T10:46:50","guid":{"rendered":"https:\/\/danone.sk\/web\/?page_id=193656"},"modified":"2024-12-19T13:08:18","modified_gmt":"2024-12-19T12:08:18","slug":"actimel","status":"publish","type":"page","link":"https:\/\/danone.sk\/web\/actimel\/","title":{"rendered":"ACTIMEL"},"content":{"rendered":"\t\t<div data-elementor-type=\"wp-page\" data-elementor-id=\"193656\" class=\"elementor elementor-193656\" data-elementor-post-type=\"page\">\n\t\t\t\t\t\t<section class=\"elementor-section elementor-top-section elementor-element elementor-element-b183fdf elementor-section-boxed elementor-section-height-default elementor-section-height-default\" data-id=\"b183fdf\" data-element_type=\"section\">\n\t\t\t\t\t\t<div class=\"elementor-container elementor-column-gap-default\">\n\t\t\t\t\t<div class=\"elementor-column elementor-col-100 elementor-top-column elementor-element elementor-element-77b72fc\" data-id=\"77b72fc\" data-element_type=\"column\">\n\t\t\t<div class=\"elementor-widget-wrap elementor-element-populated\">\n\t\t\t\t\t\t<div class=\"elementor-element elementor-element-acd2f7e elementor-widget elementor-widget-heading\" data-id=\"acd2f7e\" data-element_type=\"widget\" data-widget_type=\"heading.default\">\n\t\t\t\t<div class=\"elementor-widget-container\">\n\t\t\t\t\t<h2 class=\"elementor-heading-title elementor-size-default\">Actimel<\/h2>\t\t\t\t<\/div>\n\t\t\t\t<\/div>\n\t\t\t\t\t<\/div>\n\t\t<\/div>\n\t\t\t\t\t<\/div>\n\t\t<\/section>\n\t\t\t\t<section class=\"elementor-section elementor-top-section elementor-element elementor-element-05e71f3 elementor-section-boxed elementor-section-height-default elementor-section-height-default\" data-id=\"05e71f3\" data-element_type=\"section\">\n\t\t\t\t\t\t<div class=\"elementor-container elementor-column-gap-default\">\n\t\t\t\t\t<div class=\"elementor-column elementor-col-100 elementor-top-column elementor-element elementor-element-600df59\" data-id=\"600df59\" data-element_type=\"column\">\n\t\t\t<div class=\"elementor-widget-wrap elementor-element-populated\">\n\t\t\t\t\t\t<div class=\"elementor-element elementor-element-795e624 elementor-widget elementor-widget-text-editor\" data-id=\"795e624\" data-element_type=\"widget\" data-widget_type=\"text-editor.default\">\n\t\t\t\t<div class=\"elementor-widget-container\">\n\t\t\t\t\t\t\t\t\t<p><span style=\"color: #373737\">Actimel je lahodn\u00fd jogurtov\u00fd n\u00e1poj, ktor\u00fd obsahuje 20 mili\u00e1rd \u017eiv\u00fdch kult\u00far L. Casei Danone. Zlo\u017eenie Actimelu je navy\u0161e obohaten\u00e9 o vitam\u00edny B6 a D, ktor\u00e9 prispievaj\u00fa k spr\u00e1vnej funkcii imunitn\u00e9ho syst\u00e9mu. Spr\u00e1vna funkcia imunitn\u00e9ho syst\u00e9mu je z\u00e1kladom pre zdravie ka\u017ed\u00e9ho \u010dloveka, preto je Actimel s vitam\u00ednmi ide\u00e1lnym ka\u017edodenn\u00fdm doplnkom vyv\u00e1\u017eenej stravy a zdrav\u00e9ho \u017eivotn\u00e9ho \u0161t\u00fdlu. Je v\u00fdborn\u00fdm spestren\u00edm ra\u0148ajok, ale m\u00f4\u017eete sa n\u00edm osvie\u017ei\u0165 kedyko\u013evek v priebehu d\u0148a.<\/span><\/p>\t\t\t\t\t\t\t\t<\/div>\n\t\t\t\t<\/div>\n\t\t\t\t\t<\/div>\n\t\t<\/div>\n\t\t\t\t\t<\/div>\n\t\t<\/section>\n\t\t\t\t<section class=\"elementor-section elementor-top-section elementor-element elementor-element-9c793fb elementor-section-boxed elementor-section-height-default elementor-section-height-default\" data-id=\"9c793fb\" data-element_type=\"section\">\n\t\t\t\t\t\t<div class=\"elementor-container elementor-column-gap-default\">\n\t\t\t\t\t<div class=\"elementor-column elementor-col-100 elementor-top-column elementor-element elementor-element-7a7c5d3\" data-id=\"7a7c5d3\" data-element_type=\"column\">\n\t\t\t<div class=\"elementor-widget-wrap elementor-element-populated\">\n\t\t\t\t\t\t<div class=\"elementor-element elementor-element-ff07894 elementor-widget elementor-widget-button\" data-id=\"ff07894\" data-element_type=\"widget\" data-widget_type=\"button.default\">\n\t\t\t\t<div class=\"elementor-widget-container\">\n\t\t\t\t\t\t\t\t\t<div class=\"elementor-button-wrapper\">\n\t\t\t\t\t<a class=\"elementor-button elementor-button-link elementor-size-sm\" href=\"https:\/\/actimel.sk\/\">\n\t\t\t\t\t\t<span class=\"elementor-button-content-wrapper\">\n\t\t\t\t\t\t\t\t\t<span class=\"elementor-button-text\">Viac inform\u00e1ci\u00ed na webe Actimel.sk<\/span>\n\t\t\t\t\t<\/span>\n\t\t\t\t\t<\/a>\n\t\t\t\t<\/div>\n\t\t\t\t\t\t\t\t<\/div>\n\t\t\t\t<\/div>\n\t\t\t\t\t<\/div>\n\t\t<\/div>\n\t\t\t\t\t<\/div>\n\t\t<\/section>\n\t\t\t\t<\/div>\n\t\t","protected":false},"excerpt":{"rendered":"<p>ACTIMEL Actimel je lahodn\u00fd jogurtov\u00fd n\u00e1poj, ktor\u00fd obsahuje 20 mili\u00e1rd \u017eiv\u00fdch kult\u00far L. Casei Danone. Zlo\u017eenie Actimelu je navy\u0161e obohaten\u00e9 o vitam\u00edny B6 a D, ktor\u00e9 prispievaj\u00fa k spr\u00e1vnej funkcii imunitn\u00e9ho syst\u00e9mu. Spr\u00e1vna funkcia imunitn\u00e9ho syst\u00e9mu je z\u00e1kladom pre zdravie ka\u017ed\u00e9ho \u010dloveka, preto je Actimel s vitam\u00ednmi ide\u00e1lnym ka\u017edodenn\u00fdm doplnkom vyv\u00e1\u017eenej stravy a zdrav\u00e9ho \u017eivotn\u00e9ho [&hellip;]<\/p>\n","protected":false},"author":32,"featured_media":0,"parent":0,"menu_order":0,"comment_status":"closed","ping_status":"closed","template":"","meta":{"footnotes":""},"class_list":["post-193656","page","type-page","status-publish","hentry"],"acf":[],"_links":{"self":[{"href":"https:\/\/danone.sk\/web\/wp-json\/wp\/v2\/pages\/193656","targetHints":{"allow":["GET"]}}],"collection":[{"href":"https:\/\/danone.sk\/web\/wp-json\/wp\/v2\/pages"}],"about":[{"href":"https:\/\/danone.sk\/web\/wp-json\/wp\/v2\/types\/page"}],"author":[{"embeddable":true,"href":"https:\/\/danone.sk\/web\/wp-json\/wp\/v2\/users\/32"}],"replies":[{"embeddable":true,"href":"https:\/\/danone.sk\/web\/wp-json\/wp\/v2\/comments?post=193656"}],"version-history":[{"count":6,"href":"https:\/\/danone.sk\/web\/wp-json\/wp\/v2\/pages\/193656\/revisions"}],"predecessor-version":[{"id":193741,"href":"https:\/\/danone.sk\/web\/wp-json\/wp\/v2\/pages\/193656\/revisions\/193741"}],"wp:attachment":[{"href":"https:\/\/danone.sk\/web\/wp-json\/wp\/v2\/media?parent=193656"}],"curies":[{"name":"wp","href":"https:\/\/api.w.org\/{rel}","templated":true}]}}