{"id":193661,"date":"2024-12-19T11:50:21","date_gmt":"2024-12-19T10:50:21","guid":{"rendered":"https:\/\/danone.sk\/web\/?page_id=193661"},"modified":"2024-12-19T11:51:19","modified_gmt":"2024-12-19T10:51:19","slug":"yopro","status":"publish","type":"page","link":"https:\/\/danone.sk\/web\/yopro\/","title":{"rendered":"YoPRO"},"content":{"rendered":"\t\t<div data-elementor-type=\"wp-page\" data-elementor-id=\"193661\" class=\"elementor elementor-193661\" data-elementor-post-type=\"page\">\n\t\t\t\t\t\t<section class=\"elementor-section elementor-top-section elementor-element elementor-element-09e8f5b elementor-section-boxed elementor-section-height-default elementor-section-height-default\" data-id=\"09e8f5b\" data-element_type=\"section\">\n\t\t\t\t\t\t<div class=\"elementor-container elementor-column-gap-default\">\n\t\t\t\t\t<div class=\"elementor-column elementor-col-100 elementor-top-column elementor-element elementor-element-4ada6aa\" data-id=\"4ada6aa\" data-element_type=\"column\">\n\t\t\t<div class=\"elementor-widget-wrap elementor-element-populated\">\n\t\t\t\t\t\t<div class=\"elementor-element elementor-element-a5e21b4 elementor-widget elementor-widget-heading\" data-id=\"a5e21b4\" data-element_type=\"widget\" data-widget_type=\"heading.default\">\n\t\t\t\t<div class=\"elementor-widget-container\">\n\t\t\t\t\t<h2 class=\"elementor-heading-title elementor-size-default\">YoPRO<\/h2>\t\t\t\t<\/div>\n\t\t\t\t<\/div>\n\t\t\t\t\t<\/div>\n\t\t<\/div>\n\t\t\t\t\t<\/div>\n\t\t<\/section>\n\t\t\t\t<section class=\"elementor-section elementor-top-section elementor-element elementor-element-0fa291c elementor-section-boxed elementor-section-height-default elementor-section-height-default\" data-id=\"0fa291c\" data-element_type=\"section\">\n\t\t\t\t\t\t<div class=\"elementor-container elementor-column-gap-default\">\n\t\t\t\t\t<div class=\"elementor-column elementor-col-100 elementor-top-column elementor-element elementor-element-2e6f2b0\" data-id=\"2e6f2b0\" data-element_type=\"column\">\n\t\t\t<div class=\"elementor-widget-wrap elementor-element-populated\">\n\t\t\t\t\t\t<div class=\"elementor-element elementor-element-191ec9e elementor-widget elementor-widget-text-editor\" data-id=\"191ec9e\" data-element_type=\"widget\" data-widget_type=\"text-editor.default\">\n\t\t\t\t<div class=\"elementor-widget-container\">\n\t\t\t\t\t\t\t\t\t<p class=\"MsoNormal\">Pon\u00fakame ti kvalitn\u00e9 a nutri\u010dne vyladen\u00e9 produkty, ktor\u00e9 ti pom\u00f4\u017eu na tvojej ceste k dosiahnutiu vyt\u00fa\u017een\u00e9ho cie\u013ea. Kladieme d\u00f4raz na kvalitn\u00e9 zlo\u017eenie, a preto s\u00fa na\u0161e produkty bez pridan\u00e9ho cukru a s n\u00edzkym obsahom tuku.<br \/><br \/>\u010c\u00edm lep\u0161ie palivo, t\u00fdm lep\u0161\u00ed v\u00fdkon. My pom\u00f4\u017eeme doda\u0165 tvojmu telu prote\u00edny a ty si vyberie\u0161, v akej forme a pr\u00edchuti to bude.<\/p>\t\t\t\t\t\t\t\t<\/div>\n\t\t\t\t<\/div>\n\t\t\t\t\t<\/div>\n\t\t<\/div>\n\t\t\t\t\t<\/div>\n\t\t<\/section>\n\t\t\t\t<section class=\"elementor-section elementor-top-section elementor-element elementor-element-73f6655 elementor-section-boxed elementor-section-height-default elementor-section-height-default\" data-id=\"73f6655\" data-element_type=\"section\">\n\t\t\t\t\t\t<div class=\"elementor-container elementor-column-gap-default\">\n\t\t\t\t\t<div class=\"elementor-column elementor-col-100 elementor-top-column elementor-element elementor-element-4ef5344\" data-id=\"4ef5344\" data-element_type=\"column\">\n\t\t\t<div class=\"elementor-widget-wrap elementor-element-populated\">\n\t\t\t\t\t\t<div class=\"elementor-element elementor-element-5cd852c elementor-widget elementor-widget-button\" data-id=\"5cd852c\" data-element_type=\"widget\" data-widget_type=\"button.default\">\n\t\t\t\t<div class=\"elementor-widget-container\">\n\t\t\t\t\t\t\t\t\t<div class=\"elementor-button-wrapper\">\n\t\t\t\t\t<a class=\"elementor-button elementor-button-link elementor-size-sm\" href=\"https:\/\/www.yopro.sk\/#about\">\n\t\t\t\t\t\t<span class=\"elementor-button-content-wrapper\">\n\t\t\t\t\t\t\t\t\t<span class=\"elementor-button-text\">Viac inform\u00e1ci\u00ed na webe YoPRO.sk<\/span>\n\t\t\t\t\t<\/span>\n\t\t\t\t\t<\/a>\n\t\t\t\t<\/div>\n\t\t\t\t\t\t\t\t<\/div>\n\t\t\t\t<\/div>\n\t\t\t\t\t<\/div>\n\t\t<\/div>\n\t\t\t\t\t<\/div>\n\t\t<\/section>\n\t\t\t\t<\/div>\n\t\t","protected":false},"excerpt":{"rendered":"<p>YoPRO Pon\u00fakame ti kvalitn\u00e9 a nutri\u010dne vyladen\u00e9 produkty, ktor\u00e9 ti pom\u00f4\u017eu na tvojej ceste k dosiahnutiu vyt\u00fa\u017een\u00e9ho cie\u013ea. Kladieme d\u00f4raz na kvalitn\u00e9 zlo\u017eenie, a preto s\u00fa na\u0161e produkty bez pridan\u00e9ho cukru a s n\u00edzkym obsahom tuku. \u010c\u00edm lep\u0161ie palivo, t\u00fdm lep\u0161\u00ed v\u00fdkon. My pom\u00f4\u017eeme doda\u0165 tvojmu telu prote\u00edny a ty si vyberie\u0161, v akej forme [&hellip;]<\/p>\n","protected":false},"author":32,"featured_media":0,"parent":0,"menu_order":0,"comment_status":"closed","ping_status":"closed","template":"","meta":{"footnotes":""},"class_list":["post-193661","page","type-page","status-publish","hentry"],"acf":[],"_links":{"self":[{"href":"https:\/\/danone.sk\/web\/wp-json\/wp\/v2\/pages\/193661","targetHints":{"allow":["GET"]}}],"collection":[{"href":"https:\/\/danone.sk\/web\/wp-json\/wp\/v2\/pages"}],"about":[{"href":"https:\/\/danone.sk\/web\/wp-json\/wp\/v2\/types\/page"}],"author":[{"embeddable":true,"href":"https:\/\/danone.sk\/web\/wp-json\/wp\/v2\/users\/32"}],"replies":[{"embeddable":true,"href":"https:\/\/danone.sk\/web\/wp-json\/wp\/v2\/comments?post=193661"}],"version-history":[{"count":4,"href":"https:\/\/danone.sk\/web\/wp-json\/wp\/v2\/pages\/193661\/revisions"}],"predecessor-version":[{"id":193665,"href":"https:\/\/danone.sk\/web\/wp-json\/wp\/v2\/pages\/193661\/revisions\/193665"}],"wp:attachment":[{"href":"https:\/\/danone.sk\/web\/wp-json\/wp\/v2\/media?parent=193661"}],"curies":[{"name":"wp","href":"https:\/\/api.w.org\/{rel}","templated":true}]}}