{"id":193701,"date":"2024-12-19T12:52:58","date_gmt":"2024-12-19T11:52:58","guid":{"rendered":"https:\/\/danone.sk\/web\/?page_id=193701"},"modified":"2024-12-19T12:53:46","modified_gmt":"2024-12-19T11:53:46","slug":"activia","status":"publish","type":"page","link":"https:\/\/danone.sk\/web\/activia\/","title":{"rendered":"ACTIVIA"},"content":{"rendered":"\t\t<div data-elementor-type=\"wp-page\" data-elementor-id=\"193701\" class=\"elementor elementor-193701\" data-elementor-post-type=\"page\">\n\t\t\t\t\t\t<section class=\"elementor-section elementor-top-section elementor-element elementor-element-a016e8f elementor-section-boxed elementor-section-height-default elementor-section-height-default\" data-id=\"a016e8f\" data-element_type=\"section\">\n\t\t\t\t\t\t<div class=\"elementor-container elementor-column-gap-default\">\n\t\t\t\t\t<div class=\"elementor-column elementor-col-100 elementor-top-column elementor-element elementor-element-ab2ee03\" data-id=\"ab2ee03\" data-element_type=\"column\">\n\t\t\t<div class=\"elementor-widget-wrap elementor-element-populated\">\n\t\t\t\t\t\t<div class=\"elementor-element elementor-element-376016d elementor-widget elementor-widget-heading\" data-id=\"376016d\" data-element_type=\"widget\" data-widget_type=\"heading.default\">\n\t\t\t\t<div class=\"elementor-widget-container\">\n\t\t\t\t\t<h2 class=\"elementor-heading-title elementor-size-default\">ACTIVIA<\/h2>\t\t\t\t<\/div>\n\t\t\t\t<\/div>\n\t\t\t\t\t<\/div>\n\t\t<\/div>\n\t\t\t\t\t<\/div>\n\t\t<\/section>\n\t\t\t\t<section class=\"elementor-section elementor-top-section elementor-element elementor-element-a69c1cc elementor-section-boxed elementor-section-height-default elementor-section-height-default\" data-id=\"a69c1cc\" data-element_type=\"section\">\n\t\t\t\t\t\t<div class=\"elementor-container elementor-column-gap-default\">\n\t\t\t\t\t<div class=\"elementor-column elementor-col-100 elementor-top-column elementor-element elementor-element-685325c\" data-id=\"685325c\" data-element_type=\"column\">\n\t\t\t<div class=\"elementor-widget-wrap elementor-element-populated\">\n\t\t\t\t\t\t<div class=\"elementor-element elementor-element-70a313e elementor-widget elementor-widget-text-editor\" data-id=\"70a313e\" data-element_type=\"widget\" data-widget_type=\"text-editor.default\">\n\t\t\t\t<div class=\"elementor-widget-container\">\n\t\t\t\t\t\t\t\t\t<p><span style=\"color: #373737\">V Activii ver\u00edme, \u017ee v\u0161etko dobr\u00e9 za\u010d\u00edna vn\u00fatri. Preto v ka\u017edom Activia t\u00e9gliku n\u00e1jdete v\u017edy tieto dobr\u00e9 ingrediencie: &#8211; mlieko, &#8211; 5 druhov jogurtov\u00fdch kult\u00far vr\u00e1tane 4 mili\u00e1rd akt\u00edvnych probiot\u00edk. Pri v\u00fdrobe Activie vyu\u017e\u00edvame viac ako 30 rokov v\u00fdskumu a znalost\u00ed na\u0161ich vedcov. Activia obsahuje \u0161peci\u00e1lne vybran\u00fd kme\u0148 bakt\u00e9ri\u00ed Bifidus Actiregularis, ako aj v\u00e1pnik, ktor\u00fd pom\u00e1ha pri spr\u00e1vnom fungovan\u00ed tr\u00e1viacich enz\u00fdmov, a kult\u00fary \u017eiv\u00fdch jogurtov\u00fdch bakt\u00e9ri\u00ed, ktor\u00e9 zlep\u0161uj\u00fa tr\u00e1venie lakt\u00f3zy obsiahnutej v produkte. To je d\u00f4le\u017eit\u00e9 najm\u00e4 pre \u013eud\u00ed, ktor\u00ed maj\u00fa \u0165a\u017ekosti s tr\u00e1ven\u00edm. Vyv\u00e1\u017een\u00e1 strava a zdrav\u00fd \u017eivotn\u00fd \u0161t\u00fdl s\u00fa d\u00f4le\u017eit\u00e9 pre udr\u017eanie zdravia.<\/span><\/p>\t\t\t\t\t\t\t\t<\/div>\n\t\t\t\t<\/div>\n\t\t\t\t\t<\/div>\n\t\t<\/div>\n\t\t\t\t\t<\/div>\n\t\t<\/section>\n\t\t\t\t<section class=\"elementor-section elementor-top-section elementor-element elementor-element-c061aab elementor-section-boxed elementor-section-height-default elementor-section-height-default\" data-id=\"c061aab\" data-element_type=\"section\">\n\t\t\t\t\t\t<div class=\"elementor-container elementor-column-gap-default\">\n\t\t\t\t\t<div class=\"elementor-column elementor-col-100 elementor-top-column elementor-element elementor-element-2d03173\" data-id=\"2d03173\" data-element_type=\"column\">\n\t\t\t<div class=\"elementor-widget-wrap elementor-element-populated\">\n\t\t\t\t\t\t<div class=\"elementor-element elementor-element-e69368f elementor-widget elementor-widget-button\" data-id=\"e69368f\" data-element_type=\"widget\" data-widget_type=\"button.default\">\n\t\t\t\t<div class=\"elementor-widget-container\">\n\t\t\t\t\t\t\t\t\t<div class=\"elementor-button-wrapper\">\n\t\t\t\t\t<a class=\"elementor-button elementor-button-link elementor-size-sm\" href=\"https:\/\/www.activia.cz\/sk\/\">\n\t\t\t\t\t\t<span class=\"elementor-button-content-wrapper\">\n\t\t\t\t\t\t\t\t\t<span class=\"elementor-button-text\">Viac inform\u00e1ci\u00ed na webe Activia.sk<\/span>\n\t\t\t\t\t<\/span>\n\t\t\t\t\t<\/a>\n\t\t\t\t<\/div>\n\t\t\t\t\t\t\t\t<\/div>\n\t\t\t\t<\/div>\n\t\t\t\t\t<\/div>\n\t\t<\/div>\n\t\t\t\t\t<\/div>\n\t\t<\/section>\n\t\t\t\t<\/div>\n\t\t","protected":false},"excerpt":{"rendered":"<p>ACTIVIA V Activii ver\u00edme, \u017ee v\u0161etko dobr\u00e9 za\u010d\u00edna vn\u00fatri. Preto v ka\u017edom Activia t\u00e9gliku n\u00e1jdete v\u017edy tieto dobr\u00e9 ingrediencie: &#8211; mlieko, &#8211; 5 druhov jogurtov\u00fdch kult\u00far vr\u00e1tane 4 mili\u00e1rd akt\u00edvnych probiot\u00edk. Pri v\u00fdrobe Activie vyu\u017e\u00edvame viac ako 30 rokov v\u00fdskumu a znalost\u00ed na\u0161ich vedcov. Activia obsahuje \u0161peci\u00e1lne vybran\u00fd kme\u0148 bakt\u00e9ri\u00ed Bifidus Actiregularis, ako aj v\u00e1pnik, [&hellip;]<\/p>\n","protected":false},"author":32,"featured_media":0,"parent":0,"menu_order":0,"comment_status":"closed","ping_status":"closed","template":"","meta":{"footnotes":""},"class_list":["post-193701","page","type-page","status-publish","hentry"],"acf":[],"_links":{"self":[{"href":"https:\/\/danone.sk\/web\/wp-json\/wp\/v2\/pages\/193701","targetHints":{"allow":["GET"]}}],"collection":[{"href":"https:\/\/danone.sk\/web\/wp-json\/wp\/v2\/pages"}],"about":[{"href":"https:\/\/danone.sk\/web\/wp-json\/wp\/v2\/types\/page"}],"author":[{"embeddable":true,"href":"https:\/\/danone.sk\/web\/wp-json\/wp\/v2\/users\/32"}],"replies":[{"embeddable":true,"href":"https:\/\/danone.sk\/web\/wp-json\/wp\/v2\/comments?post=193701"}],"version-history":[{"count":4,"href":"https:\/\/danone.sk\/web\/wp-json\/wp\/v2\/pages\/193701\/revisions"}],"predecessor-version":[{"id":193705,"href":"https:\/\/danone.sk\/web\/wp-json\/wp\/v2\/pages\/193701\/revisions\/193705"}],"wp:attachment":[{"href":"https:\/\/danone.sk\/web\/wp-json\/wp\/v2\/media?parent=193701"}],"curies":[{"name":"wp","href":"https:\/\/api.w.org\/{rel}","templated":true}]}}