{"id":193706,"date":"2024-12-19T12:54:35","date_gmt":"2024-12-19T11:54:35","guid":{"rendered":"https:\/\/danone.sk\/web\/?page_id=193706"},"modified":"2024-12-19T12:55:15","modified_gmt":"2024-12-19T11:55:15","slug":"alpro","status":"publish","type":"page","link":"https:\/\/danone.sk\/web\/alpro\/","title":{"rendered":"ALPRO"},"content":{"rendered":"\t\t<div data-elementor-type=\"wp-page\" data-elementor-id=\"193706\" class=\"elementor elementor-193706\" data-elementor-post-type=\"page\">\n\t\t\t\t\t\t<section class=\"elementor-section elementor-top-section elementor-element elementor-element-95b062d elementor-section-boxed elementor-section-height-default elementor-section-height-default\" data-id=\"95b062d\" data-element_type=\"section\">\n\t\t\t\t\t\t<div class=\"elementor-container elementor-column-gap-default\">\n\t\t\t\t\t<div class=\"elementor-column elementor-col-100 elementor-top-column elementor-element elementor-element-a5433f2\" data-id=\"a5433f2\" data-element_type=\"column\">\n\t\t\t<div class=\"elementor-widget-wrap elementor-element-populated\">\n\t\t\t\t\t\t<div class=\"elementor-element elementor-element-489b8b2 elementor-widget elementor-widget-heading\" data-id=\"489b8b2\" data-element_type=\"widget\" data-widget_type=\"heading.default\">\n\t\t\t\t<div class=\"elementor-widget-container\">\n\t\t\t\t\t<h2 class=\"elementor-heading-title elementor-size-default\">ALPRO<\/h2>\t\t\t\t<\/div>\n\t\t\t\t<\/div>\n\t\t\t\t\t<\/div>\n\t\t<\/div>\n\t\t\t\t\t<\/div>\n\t\t<\/section>\n\t\t\t\t<section class=\"elementor-section elementor-top-section elementor-element elementor-element-7ef89c9 elementor-section-boxed elementor-section-height-default elementor-section-height-default\" data-id=\"7ef89c9\" data-element_type=\"section\">\n\t\t\t\t\t\t<div class=\"elementor-container elementor-column-gap-default\">\n\t\t\t\t\t<div class=\"elementor-column elementor-col-100 elementor-top-column elementor-element elementor-element-33012c0\" data-id=\"33012c0\" data-element_type=\"column\">\n\t\t\t<div class=\"elementor-widget-wrap elementor-element-populated\">\n\t\t\t\t\t\t<div class=\"elementor-element elementor-element-f67c769 elementor-widget elementor-widget-text-editor\" data-id=\"f67c769\" data-element_type=\"widget\" data-widget_type=\"text-editor.default\">\n\t\t\t\t<div class=\"elementor-widget-container\">\n\t\t\t\t\t\t\t\t\t<p><span style=\"color: #373737\">Pozn\u00e1me bud\u00facnos\u0165 a je rastlinn\u00e1. V Alpro chceme in\u0161pirova\u0165 kohoko\u013evek na tejto plan\u00e9te, kto m\u00e1 chu\u0165 nie\u010do zmeni\u0165. I mal\u00fd rastlinn\u00fd krok m\u00f4\u017ee znamena\u0165 ve\u013ek\u00fa zmenu! V\u010faka na\u0161im rastlinn\u00fdm potravin\u00e1m sa m\u00f4\u017eete c\u00edti\u0165 skvele, s\u00fa dobr\u00e9 pre v\u00e1s, ale i pre plan\u00e9tu. Alpro, to s\u00fa n\u00e1poje, dezerty a fermentovan\u00e9 produkty 100% rastlinn\u00e9ho p\u00f4vodu \u2013 s\u00f3je, mandl\u00ed, kokosu, lieskov\u00fdch a ke\u0161u orechov, ry\u017ee a ovsa. V Alpro chceme pokra\u010dova\u0165 v zmene sp\u00f4sobov stravovania vo svete k lep\u0161iemu a to t\u00fdm, \u017ee budeme vyr\u00e1ba\u0165 rastlinn\u00e9 produkty, ktor\u00e9 dobre chutia a s\u00fa dobr\u00e9 pre na\u0161e zdravie. Alpro v\u00fdrobky s\u00fa skvel\u00fdm rie\u0161en\u00edm pre \u013eud\u00ed s n\u00e1ro\u010dn\u00fdmi nutri\u010dn\u00fdmi potrebami, napr\u00edklad s nezn\u00e1\u0161anlivos\u0165ou lakt\u00f3zy. V\u00e4\u010d\u0161ina na\u0161ich produktov neobsahuje lepok (okrem ovsen\u00fdch n\u00e1pojov) a m\u00e1 n\u00edzky obsah nas\u00fdten\u00fdch tukov. Na\u0161e produkty obsahuj\u00fa aj v\u00e1pnik, ktor\u00fd je potrebn\u00fd pre udr\u017eanie norm\u00e1lneho stavu kost\u00ed.<\/span><\/p>\t\t\t\t\t\t\t\t<\/div>\n\t\t\t\t<\/div>\n\t\t\t\t\t<\/div>\n\t\t<\/div>\n\t\t\t\t\t<\/div>\n\t\t<\/section>\n\t\t\t\t<section class=\"elementor-section elementor-top-section elementor-element elementor-element-1a2894c elementor-section-boxed elementor-section-height-default elementor-section-height-default\" data-id=\"1a2894c\" data-element_type=\"section\">\n\t\t\t\t\t\t<div class=\"elementor-container elementor-column-gap-default\">\n\t\t\t\t\t<div class=\"elementor-column elementor-col-100 elementor-top-column elementor-element elementor-element-7e5a832\" data-id=\"7e5a832\" data-element_type=\"column\">\n\t\t\t<div class=\"elementor-widget-wrap elementor-element-populated\">\n\t\t\t\t\t\t<div class=\"elementor-element elementor-element-866cf79 elementor-widget elementor-widget-button\" data-id=\"866cf79\" data-element_type=\"widget\" data-widget_type=\"button.default\">\n\t\t\t\t<div class=\"elementor-widget-container\">\n\t\t\t\t\t\t\t\t\t<div class=\"elementor-button-wrapper\">\n\t\t\t\t\t<a class=\"elementor-button elementor-button-link elementor-size-sm\" href=\"https:\/\/www.alpro.com\/sk\">\n\t\t\t\t\t\t<span class=\"elementor-button-content-wrapper\">\n\t\t\t\t\t\t\t\t\t<span class=\"elementor-button-text\">Viac inform\u00e1ci\u00ed na webe Alpro.sk<\/span>\n\t\t\t\t\t<\/span>\n\t\t\t\t\t<\/a>\n\t\t\t\t<\/div>\n\t\t\t\t\t\t\t\t<\/div>\n\t\t\t\t<\/div>\n\t\t\t\t\t<\/div>\n\t\t<\/div>\n\t\t\t\t\t<\/div>\n\t\t<\/section>\n\t\t\t\t<\/div>\n\t\t","protected":false},"excerpt":{"rendered":"<p>ALPRO Pozn\u00e1me bud\u00facnos\u0165 a je rastlinn\u00e1. V Alpro chceme in\u0161pirova\u0165 kohoko\u013evek na tejto plan\u00e9te, kto m\u00e1 chu\u0165 nie\u010do zmeni\u0165. I mal\u00fd rastlinn\u00fd krok m\u00f4\u017ee znamena\u0165 ve\u013ek\u00fa zmenu! V\u010faka na\u0161im rastlinn\u00fdm potravin\u00e1m sa m\u00f4\u017eete c\u00edti\u0165 skvele, s\u00fa dobr\u00e9 pre v\u00e1s, ale i pre plan\u00e9tu. Alpro, to s\u00fa n\u00e1poje, dezerty a fermentovan\u00e9 produkty 100% rastlinn\u00e9ho p\u00f4vodu \u2013 [&hellip;]<\/p>\n","protected":false},"author":32,"featured_media":0,"parent":0,"menu_order":0,"comment_status":"closed","ping_status":"closed","template":"","meta":{"footnotes":""},"class_list":["post-193706","page","type-page","status-publish","hentry"],"acf":[],"_links":{"self":[{"href":"https:\/\/danone.sk\/web\/wp-json\/wp\/v2\/pages\/193706","targetHints":{"allow":["GET"]}}],"collection":[{"href":"https:\/\/danone.sk\/web\/wp-json\/wp\/v2\/pages"}],"about":[{"href":"https:\/\/danone.sk\/web\/wp-json\/wp\/v2\/types\/page"}],"author":[{"embeddable":true,"href":"https:\/\/danone.sk\/web\/wp-json\/wp\/v2\/users\/32"}],"replies":[{"embeddable":true,"href":"https:\/\/danone.sk\/web\/wp-json\/wp\/v2\/comments?post=193706"}],"version-history":[{"count":4,"href":"https:\/\/danone.sk\/web\/wp-json\/wp\/v2\/pages\/193706\/revisions"}],"predecessor-version":[{"id":193710,"href":"https:\/\/danone.sk\/web\/wp-json\/wp\/v2\/pages\/193706\/revisions\/193710"}],"wp:attachment":[{"href":"https:\/\/danone.sk\/web\/wp-json\/wp\/v2\/media?parent=193706"}],"curies":[{"name":"wp","href":"https:\/\/api.w.org\/{rel}","templated":true}]}}